{"id":142,"date":"2017-10-13T21:36:48","date_gmt":"2017-10-13T19:36:48","guid":{"rendered":"https:\/\/gelorevoice.ch\/?page_id=142"},"modified":"2017-10-13T21:36:48","modified_gmt":"2017-10-13T19:36:48","slug":"domaines-dapplication","status":"publish","type":"page","link":"https:\/\/gelorevoice.ch\/fr\/domaines-dapplication\/","title":{"rendered":"Domaines d&rsquo;application"},"content":{"rendered":"<div id=\"article-breit\">\n<h1>Domaines d\u2019application de GeloRevoice<\/h1>\n<div class=\"tinymcewysiwyg\">\n<p>Une muqueuse buccale et pharyng\u00e9e s\u00e8che peut \u00eatre \u00e0 l&rsquo;origine <br \/>de nombreux sympt\u00f4mes tels que:<\/p>\n<table border=\"0\">\n<tbody>\n<tr>\n<td><img decoding=\"async\" loading=\"lazy\" src=\"\/wp-content\/uploads\/2017\/10\/pfeil-table.png\" alt=\"\" width=\"26\" height=\"19\">Picotements dans la gorge<\/td>\n<\/tr>\n<tr>\n<td><img decoding=\"async\" loading=\"lazy\" src=\"\/wp-content\/uploads\/2017\/10\/pfeil-table.png\" alt=\"\" width=\"26\" height=\"19\">Sensation de s\u00e9cheresse<\/td>\n<\/tr>\n<tr>\n<td><img decoding=\"async\" loading=\"lazy\" src=\"\/wp-content\/uploads\/2017\/10\/pfeil-table.png\" alt=\"\" width=\"26\" height=\"19\">Toux s\u00e8che<\/td>\n<\/tr>\n<\/tbody>\n<\/table>\n<\/div>\n<div class=\"tinymcewysiwyg\">\n<table border=\"0\">\n<tbody>\n<tr>\n<td><img decoding=\"async\" loading=\"lazy\" src=\"\/wp-content\/uploads\/2017\/10\/pfeil-table.png\" alt=\"\" width=\"26\" height=\"19\">Enrouement<\/td>\n<\/tr>\n<tr>\n<td><img decoding=\"async\" loading=\"lazy\" src=\"\/wp-content\/uploads\/2017\/10\/pfeil-table.png\" alt=\"\" width=\"26\" height=\"19\">Extinction de voix<\/td>\n<\/tr>\n<tr>\n<td><img decoding=\"async\" loading=\"lazy\" src=\"\/wp-content\/uploads\/2017\/10\/pfeil-table.png\" alt=\"\" width=\"26\" height=\"19\">Raclements de gorge incessants<\/td>\n<\/tr>\n<\/tbody>\n<\/table>\n<\/div>\n<div class=\"tinymcewysiwyg\">\n<table border=\"0\">\n<tbody>\n<tr>\n<td><img decoding=\"async\" loading=\"lazy\" src=\"\/wp-content\/uploads\/2017\/10\/pfeil-table.png\" alt=\"\" width=\"26\" height=\"19\">Mal de gorge<\/td>\n<\/tr>\n<tr>\n<td><img decoding=\"async\" loading=\"lazy\" src=\"\/wp-content\/uploads\/2017\/10\/pfeil-table.png\" alt=\"\" width=\"26\" height=\"19\">Pharyngites<\/td>\n<\/tr>\n<tr>\n<td><img decoding=\"async\" loading=\"lazy\" src=\"\/wp-content\/uploads\/2017\/10\/pfeil-table.png\" alt=\"\" width=\"26\" height=\"19\">Ronflement<\/td>\n<\/tr>\n<\/tbody>\n<\/table>\n<\/div>\n<div class=\"tinymcewysiwyg\">\n<p>GeloRevoice favorise la salivation et forme un hydrogel hydratant<br \/>sur la muqueuse bucco-pharyng\u00e9e.<br \/>GeloRevoice agit rapidement et durablement.<\/p>\n<\/div>\n<\/div>\n","protected":false},"excerpt":{"rendered":"<p>Domaines d\u2019application de GeloRevoice Une muqueuse buccale et pharyng\u00e9e s\u00e8che peut \u00eatre \u00e0 l&rsquo;origine de nombreux sympt\u00f4mes tels que: Picotements dans la gorge Sensation de s\u00e9cheresse Toux s\u00e8che Enrouement Extinction de voix Raclements de gorge incessants Mal de gorge Pharyngites Ronflement GeloRevoice favorise la salivation et forme un hydrogel hydratantsur la muqueuse bucco-pharyng\u00e9e.GeloRevoice agit rapidement &hellip; <\/p>\n<p class=\"link-more\"><a href=\"https:\/\/gelorevoice.ch\/fr\/domaines-dapplication\/\" class=\"more-link\">Continue reading<span class=\"screen-reader-text\"> \u00ab\u00a0Domaines d&rsquo;application\u00a0\u00bb<\/span><\/a><\/p>\n","protected":false},"author":1,"featured_media":0,"parent":0,"menu_order":0,"comment_status":"closed","ping_status":"closed","template":"","meta":[],"acf":[],"_links":{"self":[{"href":"https:\/\/gelorevoice.ch\/fr\/wp-json\/wp\/v2\/pages\/142"}],"collection":[{"href":"https:\/\/gelorevoice.ch\/fr\/wp-json\/wp\/v2\/pages"}],"about":[{"href":"https:\/\/gelorevoice.ch\/fr\/wp-json\/wp\/v2\/types\/page"}],"author":[{"embeddable":true,"href":"https:\/\/gelorevoice.ch\/fr\/wp-json\/wp\/v2\/users\/1"}],"replies":[{"embeddable":true,"href":"https:\/\/gelorevoice.ch\/fr\/wp-json\/wp\/v2\/comments?post=142"}],"version-history":[{"count":1,"href":"https:\/\/gelorevoice.ch\/fr\/wp-json\/wp\/v2\/pages\/142\/revisions"}],"predecessor-version":[{"id":143,"href":"https:\/\/gelorevoice.ch\/fr\/wp-json\/wp\/v2\/pages\/142\/revisions\/143"}],"wp:attachment":[{"href":"https:\/\/gelorevoice.ch\/fr\/wp-json\/wp\/v2\/media?parent=142"}],"curies":[{"name":"wp","href":"https:\/\/api.w.org\/{rel}","templated":true}]}}