{"id":146,"date":"2017-10-13T21:41:46","date_gmt":"2017-10-13T19:41:46","guid":{"rendered":"https:\/\/gelorevoice.ch\/?page_id=146"},"modified":"2017-10-25T12:56:56","modified_gmt":"2017-10-25T10:56:56","slug":"principes-actifs","status":"publish","type":"page","link":"https:\/\/gelorevoice.ch\/fr\/principes-actifs\/","title":{"rendered":"Principes actifs"},"content":{"rendered":"<div id=\"article-breit\">\n<h1>Les principes actifs contenues dans GeloRevoice<\/h1>\n<div class=\"tinymcewysiwyg\">\n<p><strong><img decoding=\"async\" loading=\"lazy\" src=\"\/wp-content\/uploads\/2017\/10\/gelowirkstoffe_schema_f.jpg\" alt=\"\" width=\"439\" height=\"340\"><\/strong><\/p>\n<p><strong>GeloRevoice ne contient ni antibiotiques, ni d\u00e9sinfectants, ni anesth\u00e9siques locaux.<\/strong><br \/><strong>La flore buccale, la flore intestinale, le go\u00fbt et la sensation dans la bouche restent ainsi intacts.<br \/><\/strong><\/p>\n<p>&nbsp;<\/p>\n<p><strong>Une forme gal\u00e9nique g\u00e9niale<br \/><\/strong>La pastille \u00e0 sucer GeloRevoice lib\u00e8re les principes actifs et les substances mucilagineuses hydratantes, de fa\u00e7on dos\u00e9e et sur une p\u00e9riode prolong\u00e9e, au niveau de la muqueuse buccale et pharyng\u00e9e, ce qui lui permet d&rsquo;\u00eatre efficace longtemps et durablement. Les principes actifs hydratants et protecteurs de l&rsquo;hydrogel sont lib\u00e9r\u00e9s de mani\u00e8re plus ou moins intensive en fonction de l&rsquo;intensit\u00e9 avec laquelle la pastille est d\u00e9plac\u00e9e dans la bouche.<\/p>\n<\/div>\n<\/div>\n","protected":false},"excerpt":{"rendered":"<p>Les principes actifs contenues dans GeloRevoice GeloRevoice ne contient ni antibiotiques, ni d\u00e9sinfectants, ni anesth\u00e9siques locaux.La flore buccale, la flore intestinale, le go\u00fbt et la sensation dans la bouche restent ainsi intacts. &nbsp; Une forme gal\u00e9nique g\u00e9nialeLa pastille \u00e0 sucer GeloRevoice lib\u00e8re les principes actifs et les substances mucilagineuses hydratantes, de fa\u00e7on dos\u00e9e et sur &hellip; <\/p>\n<p class=\"link-more\"><a href=\"https:\/\/gelorevoice.ch\/fr\/principes-actifs\/\" class=\"more-link\">Continue reading<span class=\"screen-reader-text\"> \u00ab\u00a0Principes actifs\u00a0\u00bb<\/span><\/a><\/p>\n","protected":false},"author":1,"featured_media":0,"parent":0,"menu_order":0,"comment_status":"closed","ping_status":"closed","template":"","meta":[],"acf":[],"_links":{"self":[{"href":"https:\/\/gelorevoice.ch\/fr\/wp-json\/wp\/v2\/pages\/146"}],"collection":[{"href":"https:\/\/gelorevoice.ch\/fr\/wp-json\/wp\/v2\/pages"}],"about":[{"href":"https:\/\/gelorevoice.ch\/fr\/wp-json\/wp\/v2\/types\/page"}],"author":[{"embeddable":true,"href":"https:\/\/gelorevoice.ch\/fr\/wp-json\/wp\/v2\/users\/1"}],"replies":[{"embeddable":true,"href":"https:\/\/gelorevoice.ch\/fr\/wp-json\/wp\/v2\/comments?post=146"}],"version-history":[{"count":4,"href":"https:\/\/gelorevoice.ch\/fr\/wp-json\/wp\/v2\/pages\/146\/revisions"}],"predecessor-version":[{"id":186,"href":"https:\/\/gelorevoice.ch\/fr\/wp-json\/wp\/v2\/pages\/146\/revisions\/186"}],"wp:attachment":[{"href":"https:\/\/gelorevoice.ch\/fr\/wp-json\/wp\/v2\/media?parent=146"}],"curies":[{"name":"wp","href":"https:\/\/api.w.org\/{rel}","templated":true}]}}