{"id":152,"date":"2017-10-13T21:53:25","date_gmt":"2017-10-13T19:53:25","guid":{"rendered":"https:\/\/gelorevoice.ch\/?page_id=152"},"modified":"2017-10-13T21:54:44","modified_gmt":"2017-10-13T19:54:44","slug":"voici-comment-agit-gelorevoice","status":"publish","type":"page","link":"https:\/\/gelorevoice.ch\/fr\/voici-comment-agit-gelorevoice\/","title":{"rendered":"Voici comment agit GeloRevoice"},"content":{"rendered":"<div id=\"article-breit-2\">\n<h1>Le principe hydrogel de GeloRevoice<\/h1>\n<div class=\"tinymcewysiwyg\">\n<p>Voici comment agit GeloRevoice:<\/p>\n<table class=\"prinzip\" border=\"0\">\n<tbody>\n<tr>\n<td class=\"Beispiel2\">Phase 1<\/td>\n<td class=\"arrow-wirken\"><img decoding=\"async\" loading=\"lazy\" src=\"\/wp-content\/uploads\/2017\/10\/pfeil-table.png\" alt=\"\" width=\"26\" height=\"19\"><\/td>\n<td>Lib\u00e9ration accrue de salive par stimulation de la s\u00e9cr\u00e9tion salivaire<\/td>\n<\/tr>\n<tr>\n<td class=\"Beispiel2\">Phase 2<\/td>\n<td class=\"arrow-wirken\"><img decoding=\"async\" loading=\"lazy\" src=\"\/wp-content\/uploads\/2017\/10\/pfeil-table.png\" alt=\"\" width=\"26\" height=\"19\"><\/td>\n<td>Formation d&rsquo;un hydrogel qui humidifie, prot\u00e8ge et adh\u00e8re longtemps<\/td>\n<\/tr>\n<tr>\n<td class=\"Beispiel2\">R\u00e9sultat<\/td>\n<td class=\"arrow-wirken\"><img decoding=\"async\" loading=\"lazy\" src=\"\/wp-content\/uploads\/2017\/10\/pfeil-table.png\" alt=\"\" width=\"26\" height=\"19\"><\/td>\n<td>Protection et humidification durables de la sph\u00e8re bucco-pharyng\u00e9e&nbsp;<\/td>\n<\/tr>\n<\/tbody>\n<\/table>\n<\/div>\n<\/div>\n<div id=\"img-wirkung\"><img decoding=\"async\" src=\"\/wp-content\/uploads\/2017\/10\/image_manager__bild_prinzip.png\" alt=\"\"><\/div>\n","protected":false},"excerpt":{"rendered":"<p>Le principe hydrogel de GeloRevoice Voici comment agit GeloRevoice: Phase 1 Lib\u00e9ration accrue de salive par stimulation de la s\u00e9cr\u00e9tion salivaire Phase 2 Formation d&rsquo;un hydrogel qui humidifie, prot\u00e8ge et adh\u00e8re longtemps R\u00e9sultat Protection et humidification durables de la sph\u00e8re bucco-pharyng\u00e9e&nbsp;<\/p>\n","protected":false},"author":1,"featured_media":0,"parent":0,"menu_order":0,"comment_status":"closed","ping_status":"closed","template":"","meta":[],"acf":[],"_links":{"self":[{"href":"https:\/\/gelorevoice.ch\/fr\/wp-json\/wp\/v2\/pages\/152"}],"collection":[{"href":"https:\/\/gelorevoice.ch\/fr\/wp-json\/wp\/v2\/pages"}],"about":[{"href":"https:\/\/gelorevoice.ch\/fr\/wp-json\/wp\/v2\/types\/page"}],"author":[{"embeddable":true,"href":"https:\/\/gelorevoice.ch\/fr\/wp-json\/wp\/v2\/users\/1"}],"replies":[{"embeddable":true,"href":"https:\/\/gelorevoice.ch\/fr\/wp-json\/wp\/v2\/comments?post=152"}],"version-history":[{"count":3,"href":"https:\/\/gelorevoice.ch\/fr\/wp-json\/wp\/v2\/pages\/152\/revisions"}],"predecessor-version":[{"id":155,"href":"https:\/\/gelorevoice.ch\/fr\/wp-json\/wp\/v2\/pages\/152\/revisions\/155"}],"wp:attachment":[{"href":"https:\/\/gelorevoice.ch\/fr\/wp-json\/wp\/v2\/media?parent=152"}],"curies":[{"name":"wp","href":"https:\/\/api.w.org\/{rel}","templated":true}]}}