{"id":160,"date":"2017-10-13T22:01:55","date_gmt":"2017-10-13T20:01:55","guid":{"rendered":"https:\/\/gelorevoice.ch\/?page_id=160"},"modified":"2018-12-04T11:28:33","modified_gmt":"2018-12-04T09:28:33","slug":"informations-importantes","status":"publish","type":"page","link":"https:\/\/gelorevoice.ch\/fr\/informations-importantes\/","title":{"rendered":"Informations importantes"},"content":{"rendered":"<div id=\"article-breit\">\n<div class=\"tinymcewysiwyg\">\n<p><strong>Utilisation pendant la grossesse et l&rsquo;allaitement?<br \/>\n<\/strong>Il n&rsquo;existe aucun fait \u00e9tabli s&rsquo;opposant \u00e0 l&rsquo;utilisation des pastilles pour la gorge GeloRevoice pendant la grossesse et l&rsquo;allaitement.<\/p>\n<p><strong>Je suis v\u00e9g\u00e9talien, est-ce que je peux utiliser GeloRevoice?<br \/>\n<\/strong>L&rsquo;acide hyaluronique contenu dans GeloRevoice (hyaluronate de sodium) est obtenu gr\u00e2ce \u00e0 des m\u00e9thodes biotechnologiques de fermentation bact\u00e9rienne.<\/p>\n<p><strong>Est-ce que GeloRevoice contient du sucre?<\/strong><br \/>\nGeloRevoice ne contient pas de sucre.<\/p>\n<p><strong>Contre-indications et pr\u00e9cautions d&#8217;emploi :<\/strong><br \/>\nLes pastilles GeloRevoice ne doivent pas \u00eatre utilis\u00e9es en cas d&rsquo;allergie ou d&rsquo;hypersensibilit\u00e9 connue \u00e0 l&rsquo;un des composants. L&rsquo;utilisation des pastilles est d\u00e9conseill\u00e9e pour les patients ayant une production de salive fortement limit\u00e9e (p. ex. syndrome de Sj\u00f6gren). En cas de ph\u00e9nylc\u00e9tonurie (maladie m\u00e9tabolique h\u00e9r\u00e9ditaire), il faut tenir compte du fait que les pastilles GeloRevoice contiennent de l&rsquo;aspartame. Veuillez ne pas utiliser simultan\u00e9ment les pastilles GeloRevoice et d&rsquo;autres produits \u00e0 utiliser dans la bouche et dans le pharynx. Ne pas sucer les pastilles lorsque vous \u00eates allong\u00e9(e), p. ex. en vous endormant, car vous risquez d&rsquo;avaler de travers.<\/p>\n<p><strong>De quoi faut-il tenir compte chez les enfants ?<br \/>\n<\/strong>Ne pas utiliser chez les enfants de moins de 6 ans (ils pourraient m\u00e2cher les pastilles ou les avaler enti\u00e8res).<\/p>\n<p><strong>Effets ind\u00e9sirables :<\/strong><br \/>\nEn cas d&rsquo;utilisation excessive, les pastilles pour la gorge GeloRevoice peuvent avoir un effet laxatif et\/ou provoquer des troubles gastro-intestinaux.<\/p>\n<p><strong>Mode et dur\u00e9e d&rsquo;utilisation :<br \/>\n<\/strong>Indications relatives \u00e0 l&rsquo;utilisation des pastilles pour la gorge GeloRevoice: Pour permettre au complexe hydrogel de se r\u00e9partir pleinement, sucez lentement et int\u00e9gralement les pastilles pour la gorge GeloRevoice. Les pastilles pour la gorge ne doivent ni \u00eatre croqu\u00e9es ni \u00eatre aval\u00e9es enti\u00e8res.<\/p>\n<p><strong>\u00c0 quelle fr\u00e9quence faut-il utiliser les pastilles pour la gorge GeloRevoice ?<br \/>\n<\/strong>En fonction des besoins, vous pouvez sucer une pastille pour la gorge GeloRevoice plusieurs fois par jour, p. ex. toutes les 2 \u00e0 3 heures, jusqu&rsquo;\u00e0 6 par jour. Nous vous conseillons de les prendre apr\u00e8s le repas.<\/p>\n<p><strong>Pendant combien de temps peut-on utiliser les pastilles pour la gorge GeloRevoice ?<br \/>\n<\/strong>Les pastilles pour la gorge GeloRevoice peuvent \u00eatre utilis\u00e9e de mani\u00e8re prolong\u00e9e ou en traitement intermittent. Si vos sympt\u00f4mes aigus devaient s&rsquo;aggraver (p. ex. fi\u00e8vre, mal de gorge, courbatures) ou ne pas s&rsquo;am\u00e9liorer apr\u00e8s 3 jours, veuillez consulter votre m\u00e9decin.<\/p>\n<p><strong>Informations et donn\u00e9es relatives \u00e0 la dur\u00e9e de conservation :<\/strong><br \/>\nNe pas utiliser les pastilles pour la gorge GeloRevoice au-del\u00e0 de la date de p\u00e9remption.<\/p>\n<p><strong>Conseils de conservation :<br \/>\n<\/strong>Les pastilles pour la gorge GeloRevoice doivent \u00eatre conserv\u00e9es au sec et \u00e0 une temp\u00e9rature inf\u00e9rieure \u00e0 25\u00b0C. Apr\u00e8s chaque pr\u00e9l\u00e8vement d&rsquo;une pastille, veuillez soigneusement refermer le tube en aluminium.<\/p>\n<p><strong>Veuillez conserver les dispositifs m\u00e9dicaux avec soin et hors de la port\u00e9e des enfants !<\/strong><\/p>\n<p><strong>Distribution pour la Suisse :<\/strong><br \/>\nAlpinamed AG, Alte Landstrasse 11, CH-9306 Freidorf<br \/>\nwww.alpinamed.ch<\/p>\n<p>Fabricant : G. Pohl-Boskamp GmbH &amp; Co. KG, Kieler Strasse 11, D-25551 Hohenlockstedt<\/p>\n<\/div>\n<p><a class=\"link_icon ico_pdf\" href=\"\/wp-content\/uploads\/2017\/10\/gelorevoice_gebrauchsanweisung.pdf\"><img decoding=\"async\" src=\"\/wp-content\/uploads\/2017\/10\/pdf.png\" alt=\"\" \/><\/a><a href=\"https:\/\/gelorevoice.ch\/wp-content\/uploads\/2018\/12\/Notice-demploi-\u00e0-t\u00e9l\u00e9charger-PDF.pdf\">Notice d&#8217;emploi \u00e0 t\u00e9l\u00e9charger (PDF)<\/a><\/p>\n<\/div>\n","protected":false},"excerpt":{"rendered":"<p>Utilisation pendant la grossesse et l&rsquo;allaitement? Il n&rsquo;existe aucun fait \u00e9tabli s&rsquo;opposant \u00e0 l&rsquo;utilisation des pastilles pour la gorge GeloRevoice pendant la grossesse et l&rsquo;allaitement. Je suis v\u00e9g\u00e9talien, est-ce que je peux utiliser GeloRevoice? L&rsquo;acide hyaluronique contenu dans GeloRevoice (hyaluronate de sodium) est obtenu gr\u00e2ce \u00e0 des m\u00e9thodes biotechnologiques de fermentation bact\u00e9rienne. Est-ce que GeloRevoice &hellip; <\/p>\n<p class=\"link-more\"><a href=\"https:\/\/gelorevoice.ch\/fr\/informations-importantes\/\" class=\"more-link\">Continue reading<span class=\"screen-reader-text\"> \u00ab\u00a0Informations importantes\u00a0\u00bb<\/span><\/a><\/p>\n","protected":false},"author":1,"featured_media":0,"parent":0,"menu_order":0,"comment_status":"closed","ping_status":"closed","template":"","meta":[],"acf":[],"_links":{"self":[{"href":"https:\/\/gelorevoice.ch\/fr\/wp-json\/wp\/v2\/pages\/160"}],"collection":[{"href":"https:\/\/gelorevoice.ch\/fr\/wp-json\/wp\/v2\/pages"}],"about":[{"href":"https:\/\/gelorevoice.ch\/fr\/wp-json\/wp\/v2\/types\/page"}],"author":[{"embeddable":true,"href":"https:\/\/gelorevoice.ch\/fr\/wp-json\/wp\/v2\/users\/1"}],"replies":[{"embeddable":true,"href":"https:\/\/gelorevoice.ch\/fr\/wp-json\/wp\/v2\/comments?post=160"}],"version-history":[{"count":4,"href":"https:\/\/gelorevoice.ch\/fr\/wp-json\/wp\/v2\/pages\/160\/revisions"}],"predecessor-version":[{"id":200,"href":"https:\/\/gelorevoice.ch\/fr\/wp-json\/wp\/v2\/pages\/160\/revisions\/200"}],"wp:attachment":[{"href":"https:\/\/gelorevoice.ch\/fr\/wp-json\/wp\/v2\/media?parent=160"}],"curies":[{"name":"wp","href":"https:\/\/api.w.org\/{rel}","templated":true}]}}