{"id":176,"date":"2017-10-14T08:43:02","date_gmt":"2017-10-14T06:43:02","guid":{"rendered":"https:\/\/gelorevoice.ch\/?page_id=176"},"modified":"2024-01-17T16:13:48","modified_gmt":"2024-01-17T14:13:48","slug":"clause-de-non-responsabilite","status":"publish","type":"page","link":"https:\/\/gelorevoice.ch\/fr\/clause-de-non-responsabilite\/","title":{"rendered":"Clause de non-responsabilit\u00e9"},"content":{"rendered":"<div id=\"article-breit\">\n<h2>Clause de non-responsabilit\u00e9<\/h2>\n<div class=\"tinymcewysiwyg\">\n<p>Wir sch\u00fctzen Ihre Privatsph\u00e4re und Ihre privaten Daten. Unsere Bearbeitung von Personendaten unserer Nutzer beschr\u00e4nkt sich auf jene Daten, die zur Bereitstellung einer funktionsf\u00e4higen Internetseite sowie unserer Inhalte und Leistungen erforderlich sind. Wir erheben, verarbeiten und nutzen Ihre Personendaten in \u00dcbereinstimmung mit dem Inhalt der vorliegenden Datenschutzbestimmungen sowie den anwendbaren Datenschutzvorschriften, insbesondere dem Schweizer Datenschutzgesetz (DSG). In den vorliegenden Datenschutzbestimmungen wird geregelt, welche Personendaten wir \u00fcber Sie erheben, verarbeiten und nutzen. Wir bitten Sie daher, die nachfolgenden Ausf\u00fchrungen sorgf\u00e4ltig durchzulesen.<\/p>\n<p><strong>Urheberrechte<\/strong><br \/>\nDie Urheber\u202d- \u202cund alle anderen Rechte an Inhalten\u202d, \u202cBildern\u202d, \u202cFotos oder anderen Dateien auf der Website geh\u00f6ren ausschliesslich ALPINAMED AG oder den speziell genannten Rechtsinhabern\u202d. \u202cF\u00fcr die Reproduktion jeglicher Elemente ist die schriftliche Zustimmung\u202d \u202cder Urheberrechtstr\u00e4ger im Voraus einzuholen\u202d.\u202c<\/p>\n<p><strong>Verantwortlicher<br \/>\n<\/strong>Alpinamed AG (Im Folgenden: \u00abWir\u00bb) ist als Betreiber der Website <a href=\"https:\/\/www.alpinamed.ch\">www.alpinamed.ch<\/a>. Verantwortlicher f\u00fcr die Personendaten der Nutzer (Im Folgenden: \u00abSie\u00bb) der Website im Sinne des DSG.<\/p>\n<p><strong>Alpinamed AG<\/strong><br \/>\nLeo Kr\u00e4henmann<br \/>\nAlte Landstrasse 11<br \/>\n9306 Freidorf<br \/>\n<a href=\"mailto:admin@alpinamed.ch\" target=\"_blank\" rel=\"noopener\">admin@alpinamed.ch<\/a><\/p>\n<p>Verantwortliche Stelle ist die nat\u00fcrliche oder juristische Person, die allein oder gemeinsam mit anderen \u00fcber die Zwecke und Mittel der Verarbeitung von personenbezogenen Daten (z.B. Namen, E-Mail-Adressen o. \u00c4.) entscheidet.<\/p>\n<p><strong>Cookies<\/strong><br \/>\nDie Internetseiten verwenden teilweise so genannte Cookies. Cookies richten auf Ihrem Rechner keinen Schaden an und enthalten keine Viren. Cookies dienen dazu, unser Angebot nutzerfreundlicher, effektiver und sicherer zu machen. Cookies sind kleine Textdateien, die auf Ihrem Rechner abgelegt werden und die Ihr Browser speichert.<\/p>\n<p>Die meisten der von uns verwendeten Cookies sind so genannte \u201eSession-Cookies\u201c. Sie werden nach Ende Ihres Besuchs automatisch gel\u00f6scht. Andere Cookies bleiben auf Ihrem Endger\u00e4t gespeichert, bis Sie diese l\u00f6schen. Diese Cookies erm\u00f6glichen es uns, Ihren Browser beim n\u00e4chsten Besuch wiederzuerkennen.<\/p>\n<p>Sie k\u00f6nnen Ihren Browser so einstellen, dass Sie \u00fcber das Setzen von Cookies informiert werden und Cookies nur im Einzelfall erlauben, die Annahme von Cookies f\u00fcr bestimmte F\u00e4lle oder generell ausschlie\u00dfen sowie das automatische L\u00f6schen der Cookies beim Schlie\u00dfen des Browser aktivieren. Bei der Deaktivierung von Cookies kann die Funktionalit\u00e4t dieser Website eingeschr\u00e4nkt sein.<\/p>\n<p>Cookies, die zur Durchf\u00fchrung des elektronischen Kommunikationsvorgangs oder zur Bereitstellung bestimmter, von Ihnen erw\u00fcnschter Funktionen (z.B. Warenkorbfunktion) erforderlich sind, werden auf Grundlage von Art. 6 Abs. 1 lit. f DSGVO gespeichert. Der Websitebetreiber hat ein berechtigtes Interesse an der Speicherung von Cookies zur technisch fehlerfreien und optimierten Bereitstellung seiner Dienste. Soweit andere Cookies (z.B. Cookies zur Analyse Ihres Surfverhaltens) gespeichert werden, werden diese in dieser Datenschutzerkl\u00e4rung gesondert behandelt.<\/p>\n<p>Zur Verwaltung der eingesetzten Cookies und \u00e4hnlichen Technologien (Tracking-Pixel, Web-Beacons etc.) und diesbez\u00fcglicher Einwilligungen setzen wir das Consent Tool \u201eReal Cookie Banner\u201c ein. Details zur Funktionsweise von \u201eReal Cookie Banner\u201c findest du unter\u00a0<a class=\"customize-unpreviewable\" href=\"https:\/\/devowl.io\/de\/rcb\/datenverarbeitung\/\" target=\"_blank\" rel=\"noreferrer noopener\">https:\/\/devowl.io\/de\/rcb\/datenverarbeitung\/<\/a>.<\/p>\n<p>Rechtsgrundlagen f\u00fcr die Verarbeitung von personenbezogenen Daten in diesem Zusammenhang sind Art. 6 Abs. 1 lit. c DS-GVO und Art. 6 Abs. 1 lit. f DS-GVO. Unser berechtigtes Interesse ist die Verwaltung der eingesetzten Cookies und \u00e4hnlichen Technologien und der diesbez\u00fcglichen Einwilligungen.<\/p>\n<p>Die Bereitstellung der personenbezogenen Daten ist weder vertraglich vorgeschrieben noch f\u00fcr den Abschluss eines Vertrages notwendig. Du bist nicht verpflichtet die personenbezogenen Daten bereitzustellen. Wenn du die personenbezogenen Daten nicht bereitstellst, k\u00f6nnen wir deine Einwilligungen nicht verwalten.<\/p>\n<p><strong>SSL-Verschl\u00fcsselung<\/strong><br \/>\nDiese Seite nutzt aus Gr\u00fcnden der Sicherheit und zum Schutz der \u00dcbertragung vertraulicher Inhalte, wie zum Beispiel der Anfragen, die Sie an uns als Seitenbetreiber senden, eine SSL-Verschl\u00fcsselung. Eine verschl\u00fcsselte Verbindung erkennen Sie daran, dass die Adresszeile des Browsers von \u201ehttp:\/\/\u201c auf \u201ehttps:\/\/\u201c wechselt und an dem Schloss-Symbol in Ihrer Browserzeile.<br \/>\nWenn die SSL Verschl\u00fcsselung aktiviert ist, k\u00f6nnen die Daten, die Sie an uns \u00fcbermitteln, nicht von Dritten mitgelesen werden.<\/p>\n<p><strong>Haftungsausschluss\u202d \u202c<br \/>\n<\/strong>Der Autor \u00fcbernimmt keinerlei Gew\u00e4hr hinsichtlich der inhaltlichen Richtigkeit\u202d, \u202cGenauigkeit\u202d, \u202cAktualit\u00e4t\u202d, \u202cZuverl\u00e4ssigkeit und Vollst\u00e4ndigkeit der Informationen\u202d. \u202cHaftungsanspr\u00fcche gegen den Autor wegen Sch\u00e4den materieller oder immaterieller Art\u202d, \u202cwelche aus dem Zugriff oder der Nutzung bzw\u202d. \u202cNichtnutzung der ver\u00f6ffentlichten Informationen\u202d, \u202cdurch Missbrauch der Verbindung oder durch technische St\u00f6rungen entstanden sind\u202d, \u202cwerden ausgeschlossen\u202d. \u202cAlle Angebote sind unverbindlich\u202d. \u202cDer Autor beh\u00e4lt es sich ausdr\u00fccklich vor\u202d, \u202cTeile der Seiten oder das gesamte Angebot ohne gesonderte Ank\u00fcndigung zu ver\u00e4ndern\u202d, \u202czu erg\u00e4nzen\u202d, \u202czu l\u00f6schen oder die Ver\u00f6ffentlichung zeitweise oder endg\u00fcltig einzustellen\u202d.\u202c<\/p>\n<p><strong>Haftung f\u00fcr Links<br \/>\n<\/strong>Verweise und Links auf Webseiten Dritter liegen ausserhalb unseres Verantwortungsbereichs\u202d. \u202cEs wird jegliche Verantwortung f\u00fcr solche Webseiten abgelehnt\u202d. \u202cDer Zugriff und die Nutzung solcher Webseiten erfolgen auf eigene Gefahr des Nutzers oder der Nutzerin\u202d.\u202c<\/p>\n<p><strong>Cookies und Web Beacons<br \/>\n<\/strong>Wir verwenden Cookies auf dieser Webseite\u202d (\u202cz.B\u202d. \u202cGoogle Analytics Cookies\u202d) \u202cum Informationen zur Verwendung und Reichweite der Webseite zu messen\u202d. \u202cDies geschieht auf Basis eines berechtigten Interesses\u202d (\u202cOptimierung des Online-Angebots und der damit verbundenen Nutzererfahrung\u202d) \u202cim Sinne von Art\u202d. \u202c6\u202d \u202cAbs\u202d. \u202c1\u202d \u202clit\u202d. \u202cf\u202d. \u202cDSGVO\u202d. \u202cCookies sind kleine Textdateien\u202d, \u202cdie auf Ihrem Computer gespeichert werden und eine Analyse Ihrer Benutzung der Webseite erm\u00f6glichen\u202d. \u202cAusgehend von Informationen\u202d, \u202cdie mit Cookies gespeichert werden\u202d, \u202ck\u00f6nnen wir Ihnen unter Anderem Pop-Up Nachrichten einmal w\u00e4hrend Ihrem Besuch anzeigen oder auch Login-Funktionalit\u00e4ten zum\u202d \u202cZugriff auf bestimmte Inhalte verwalten\u202d.\u202c<\/p>\n<p>Sie k\u00f6nnen die Verwendung von Cookies von dieser Webseite und\u202d\/ \u202coder Drittanbietern jederzeit in Ihren Browsereinstellungen deaktivieren oder individuell erlauben\u202d\/ \u202cblockieren\u202d. \u202cUnter dem folgenden Link wird detailliert beschrieben\u202d, \u202cwie Sie Cookies in Ihrem Browser deaktivieren k\u00f6nnen\u202d: \u202c<a href=\"https:\/\/de.wikihow.com\/Cookies-deaktivieren\" target=\"_blank\" rel=\"noopener\">https\u202d:\/\/\u202cde.wikihow.com\/Cookies-deaktivieren<\/a>\u202d. \u202cZudem bieten auch verschiedene Programme\u202d (\u202cz.B\u202d. \u202cNorton Internet Security\u202d) \u202cEinstellungen zur Verwaltung von Cookies an\u202d. \u202cBeachten Sie bitte\u202d, \u202cdass die Deaktivierung von Cookies dazu f\u00fchren kann\u202d, \u202cdass Sie gewisse Funktionen dieser\u202d (\u202cund anderer\u202d) \u202cSeiten nicht mehr in gleichem Masse verwenden k\u00f6nnen\u202d.\u202c<\/p>\n<p><strong>Google Analytics<br \/>\n<\/strong>Auf <a href=\"https:\/\/gelorevoice.ch\/\">www.gelorevoice.ch<\/a>\u00a0ist Google Analytics 4 im Einsatz\u202d, \u202cein Webanalysedienst der Google Inc\u202d. (\u202c\u202e\u201e\u202cGoogle\u201c\u202d). \u202cGoogle Analytics verwendet Cookies\u202d (\u202cvgl\u202d. \u202coben\u202d). \u202cDie dadurch erzeugten Informationen \u00fcber Ihre Benutzung dieser Website werden\u202d \u202cin der Regel an einen Server von Google in den USA \u00fcbertragen und dort gespeichert\u202d.\u202c<\/p>\n<p>Im Falle der Aktivierung der IP-Anonymisierung wird Ihre IP-Adresse von Google jedoch innerhalb von Mitgliedstaaten der Europ\u00e4ischen Union oder in anderen Vertragsstaaten des Abkommens \u00fcber den Europ\u00e4ischen Wirtschaftsraum zuvor gek\u00fcrzt\u202d. \u202cNur in Ausnahmef\u00e4llen wird die volle IP-Adresse an einen Server von Google in den USA \u00fcbertragen und dort gek\u00fcrzt\u202d. \u202cDie IP-Anonymisierung ist auf <a href=\"https:\/\/gelorevoice.ch\/\">www.gelorevoice.ch<\/a>\u00a0aktiv\u202d. \u202cIn unserem Auftrag wird Google diese Informationen benutzen\u202d, \u202cum Ihre Nutzung der Website auszuwerten\u202d, \u202cum aggregierte Reports zur Nutzeraktivit\u00e4t auf der Website zusammenzustellen und um weitere damit verbundene Dienstleistungen gegen\u00fcber uns zu erbringen\u202d. \u202cF\u00fcr mehr Informationen dar\u00fcber\u202d, \u202cwie Google Cookies einsetzt und welche Informationen damit gesammelt werden\u202d, \u202ck\u00f6nnen Sie folgende Seiten besuchen\u202d:\u00a0<a href=\"https:\/\/policies.google.com\/technologies\/cookies?hl=en-US\" target=\"_blank\" rel=\"noopener\">https:\/\/policies.google.com\/technologies\/cookies?hl=en-US<\/a>\u00a0\u202cbzw\u202d. \u202c<a href=\"https:\/\/policies.google.com\/technologies\/partner-sites\" target=\"_blank\" rel=\"noopener\">https:\/\/policies.google.com\/technologies\/partner-sites<\/a>.\u202c<\/p>\n<p>Sie k\u00f6nnen den Einsatz von Google Analytics durch die Installation eines einfachen Browser-Addons jederzeit deaktivieren\u202d. \u202cDas Addon finden Sie unter dem folgenden Link\u202d: \u202c<a href=\"https:\/\/tools.google.com\/dlpage\/gaoptout\" target=\"_blank\" rel=\"noopener\">https:\/\/tools.google.com\/dlpage\/gaoptout<\/a>.\u202c<\/p>\n<p>Standardm\u00e4ssig werden entsprechend Art\u202d. \u202c5\u202d \u202cAbs\u202d. \u202c1\u202d \u202clit\u202d. \u202ce DSGVO alle Daten auf Nutzer\u202d- \u202cund Ereignisebene\u202d, \u202cdie mit Cookies\u202d, \u202cNutzerkennungen\u202d (\u202cz\u202d. \u202cB\u202d. \u202cUser ID\u202d) \u202cund Werbe-IDs\u202d (\u202cz\u202d. \u202cB\u202d. \u202cDoubleClick-Cookies\u202d) \u202cverkn\u00fcpft sind\u202d, \u202cnach 26\u202d \u202cMonaten seit der letzten Aktivit\u00e4t des entsprechenden Nutzers aus Google Analytics gel\u00f6scht\u202d.\u202c<\/p>\n<p><strong>Erhebung von Zugriffsdaten und Logfiles<br \/>\n<\/strong>Auf Grundlage unserer berechtigten Interessen\u202d (\u202cSicherstellung des einwandfreien Betriebs der Webseite\u202d) \u202cim Sinne von Art\u202d. \u202c6\u202d \u202cAbs\u202d. \u202c1\u202d \u202clit\u202d. \u202cf\u202d. \u202cDSGVO erheben wir Daten \u00fcber Zugriffe auf den Server\u202d, \u202cauf dem sich diese Webseite befindet\u202d (\u202csogenannte Serverlogfiles\u202d)\u202c\u202d. \u202cIn diesen Logfiles werden Informationen gespeichert wie der Name der abgerufenen Webseite\u202d, \u202cDatei\u202d, \u202cDatum und Uhrzeit des Abrufs\u202d, \u202c\u00fcbertragene Datenmenge\u202d, \u202cMeldung \u00fcber erfolgreichen Abruf\u202d, \u202cBrowsertyp\u202d (\u202cinkl\u202d. \u202cVersion\u202d), \u202cdas Betriebssystem des Nutzers\u202d, \u202cReferrer\u202d \u202cURL\u202d (\u202cdie zuvor besuchte Seite\u202d), \u202cIP-Adresse und der anfragende Provider\u202d. \u202cLogfile-Informationen werden aus Sicherheitsgr\u00fcnden\u202d (\u202cz\u202d.\u202cB\u202d. \u202czur Aufkl\u00e4rung von Missbrauchs\u202d- \u202coder Betrugshandlungen\u202d) \u202cerhoben und solange gespeichert\u202d, \u202cwie dies zu Beweiszwecken sinnvoll bzw\u202d. \u202cerforderlich ist\u202d.\u202c<\/p>\n<p><strong>Kontaktformular<br \/>\n<\/strong>Wir bieten auf dieser Webseite allen Besuchern die M\u00f6glichkeit\u202d, \u202cuns \u00fcber ein Formular zu kontaktieren\u202d. \u202cBei der Verwendung dieses\u202d \u202cFormulars\u202d (\u202csowie allf\u00e4lliger weiterer Formulare\u202d) \u202cwerden personenbezogene Informationen wie z.B\u202d. \u202cName\u202d, \u202cAdresse\u202d, \u202cE-Mail Adresse sowie die entsprechenden Mitteilungen erfasst und gespeichert\u202d. \u202cAuf Grundlage unserer berechtigten Interessen\u202d (\u202cBearbeiten von Nutzeranfragen und Anmeldungen\u202d) \u202cim Sinne von Art\u202d. \u202c6\u202d \u202cAbs\u202d. \u202c1\u202d \u202clit\u202d. \u202cf DSGVO verwenden wir diese Informationen zum Bearbeiten der eingehenden Anfragen\u202d.\u202c<\/p>\n<p><strong>Einbindung von Diensten und Inhalten Dritter<br \/>\n<\/strong>An einigen Stellen auf dieser Webseite werden Inhalte Dritter\u202d, \u202cwie zum Beispiel Kartenmaterial von Google-Maps eingebunden\u202d. \u202cDas\u202d \u202cf\u00fchrt dazu\u202d, \u202cdass die Drittanbieter beim Laden der Webseite dar\u00fcber Kenntnis erlangen\u202d, \u202cdass \u00fcber Ihre IP-Adresse unsere Webseite\u202d \u202caufgerufen wurde\u202d. \u202cDie Einbindung von Inhalten und Diensten Dritter erfolgt nur in Ausnahmef\u00e4llen und stets auf Grundlage berechtigter Interessen zur Verbesserung der Nutzererfahrung auf unserer Webseite\u202d.\u202c<\/p>\n<p><strong>Google Web Fonts<br \/>\n<\/strong>Zur durchg\u00e4ngigen und korrekten Darstellung von Schriften auf unserer Webseite verwenden wir Google Web Fonts\u202d. \u202cBeim Laden unserer Webseite werden die entsprechenden Schriften in Ihren Browsercache geladen\u202d. \u202cDie Verwendung der Web Fonts gr\u00fcndet auf einem berechtigten Interesse\u202d (\u202cDurchg\u00e4ngig einheitliche\u202d, \u202cfehlerfreie und ansprechende Darstellung aller Texte und Schriften\u202d) \u202cgem\u00e4ss Art\u202d. \u202c6\u202d \u202cAbs\u202d. \u202c1\u202d \u202clit\u202d. \u202cf DSGVO\u202d.\u202c<\/p>\n<p>Zur Darstellung von Web Fonts stellt Ihr Browser eine Verbindung zu Google Servern her\u202d. \u202cGoogle wird dadurch in Kenntnis gesetzt\u202d,\u202c\u202d \u202cdass \u00fcber Ihre IP-Adresse unsere Webseite aufgerufen wurde\u202d. \u202cMehr Informationen dazu\u202d, \u202cwie Google mit diesen Informationen umgeht\u202d, \u202cfinden Sie unter\u00a0<a href=\"https:\/\/developers.google.com\/fonts\/faq?hl=de\" target=\"_blank\" rel=\"noopener\">https:\/\/developers.google.com\/fonts\/faq?hl=de<\/a>\u00a0sowie in der Datenschutzerkl\u00e4rung von Google unter\u00a0<a href=\"https:\/\/policies.google.com\/privacy\" target=\"_blank\" rel=\"noopener\">https:\/\/policies.google.com\/privacy<\/a>\u202d.\u202c<\/p>\n<p><strong>Kontakt und Anfragen<br \/>\n<\/strong>Als Nutzer haben Sie jederzeit das Recht auf Antrag unentgeltlich Auskunft zu erhalten \u00fcber die personenbezogenen Daten\u202d, \u202cdie \u00fcber Sie gespeichert wurden\u202d. \u202cZus\u00e4tzlich haben Sie das Recht auf Berichtigung unrichtiger Daten\u202d, \u202cSperrung und L\u00f6schung Ihrer personenbezogenen Daten\u202d (\u202csoweit dem keine gesetzliche Aufbewahrungspflicht entgegensteht\u202d) \u202cund Widerspruch der k\u00fcnftigen Verarbeitung Ihrer personenbezogenen Daten entsprechend den gesetzlichen Vorgaben\u202d.\u202c<\/p>\n<p>Wenn Sie irgendwelche Fragen oder Anliegen zu unserer Datenschutzerkl\u00e4rung oder Ihren personenbezogenen Daten haben\u202d, \u202cz\u00f6gern Sie\u202d \u202cbitte nicht\u202d, \u202csich bei uns zu melden\u202d. \u202cSie k\u00f6nnen dies per E-Mail an <a href=\"mailto:admin@alpinamed.ch\" target=\"_blank\" rel=\"noopener\">admin@alpinamed.ch<\/a>\u00a0oder per Post an folgende Adresse tun\u202d:\u202c<\/p>\n<p><strong>Alpinamed AG<\/strong><br \/>\nLeo Kr\u00e4henmann<br \/>\nAlte Landstrasse 11<br \/>\n9306 Freidorf<\/p>\n<p><strong>Beschreibung und Umfang der Datenverarbeitung<br \/>\n<\/strong>Personendaten im Sinne dieser Datenschutzbestimmungen sind alle Informationen, die sich auf eine bestimmte oder bestimmbare nat\u00fcrliche Person (im Folgenden \u201ebetroffene Person\u201c) beziehen. Hierzu z\u00e4hlen insbesondere Ihr Name, Ihre E-Mail-Adresse.<\/p>\n<p>Zu den Personendaten z\u00e4hlen auch Informationen \u00fcber Ihre Nutzung unserer Website. In diesem Zusammenhang erheben wir Personendaten wie folgt von Ihnen: Informationen \u00fcber Ihre Besuche unserer Website wie bspw. Umfang des Datentransfers, den Ort, von dem aus Sie Daten von unserer Website abrufen sowie andere Verbindungsdaten und Quellen, die Sie abrufen. Dies geschieht in der Regel durch die Verwendung von Logfiles und Cookies. N\u00e4here Informationen zu Logfiles und Cookies erhalten Sie weiter unten.<\/p>\n<p>Grunds\u00e4tzlich werden Ihre Personendaten f\u00fcr die Dauer von 12 Monaten gespeichert. Sofern wir Ihre IP-Adresse erheben, wird diese nur f\u00fcr die Zeit Ihrer Nutzung der Website gespeichert und im Anschluss daran unverz\u00fcglich gel\u00f6scht oder durch K\u00fcrzung anonymisiert.<\/p>\n<p><strong>Verwendungszweck<br \/>\n<\/strong>Wir verwenden Ihre Personendaten zu folgenden Zwecken:<\/p>\n<p>Um die von Ihnen gew\u00fcnschten Dienste zu erbringen;<br \/>\nUm sicherzustellen, dass unsere Website in m\u00f6glichst effektiver und interessanter Weise Ihnen gegen\u00fcber pr\u00e4sentiert wird;<br \/>\nUm unseren Verpflichtungen aus etwaigen zwischen Ihnen und uns geschlossenen Vertr\u00e4gen nachzukommen;<br \/>\nUm Ihnen die Teilnahme an interaktiven Angeboten zu erm\u00f6glichen, sofern Sie dies w\u00fcnschen;<br \/>\nUm Sie \u00fcber \u00c4nderungen unserer Leistungen zu informieren.<\/p>\n<p><strong>Grunds\u00e4tze der Datenbearbeitung<br \/>\n<\/strong>Wir ber\u00fccksichtigen bei der Datenbearbeitung die Bearbeitungsgrunds\u00e4tze der Rechtm\u00e4ssigkeit, der Verh\u00e4ltnism\u00e4ssigkeit, der Zweckbindung, der Transparenz \u2013 insbesondere die Erf\u00fcllung der Informationspflichten \u2013 und der Datensicherheit.<\/p>\n<p><strong>Informationen \u00fcber Ihren Computer, Cookies<br \/>\n<\/strong>Bei jedem Zugriff auf unsere Seite erheben wir folgende Informationen \u00fcber Ihren Computer: Die IP-Adresse Ihres Computers, die Anfrage Ihres Browsers sowie die Zeit dieser Anfrage. Ausserdem werden der Status und die \u00fcbertragene Datenmenge im Rahmen dieser Anfrage erfasst. Wir erheben auch Produkt- und Versionsinformationen \u00fcber den verwendeten Browser und das Betriebssystem ihres Computers. Wir erfassen weiter, von welcher Website aus der Zugriff auf unsere Seite erfolgte. Die IP-Adresse Ihres Computers wird dabei nur f\u00fcr die Zeit Ihrer Nutzung der Website gespeichert und im Anschluss daran unverz\u00fcglich gel\u00f6scht oder durch K\u00fcrzung anonymisiert. Wir verwenden diese Daten f\u00fcr den Betrieb unserer Website, insbesondere um Fehler der Website festzustellen und zu beseitigen, um die Auslastung der Website festzustellen und um Anpassungen oder Verbesserungen vorzunehmen.<\/p>\n<p>Cookies helfen unter vielen Aspekten, Ihren Besuch auf unserer Website einfacher, angenehmer und sinnvoller zu gestalten. Cookies sind Informationsdateien, die Ihr Webbrowser automatisch auf der Festplatte Ihres Computers speichert, wenn Sie unsere Internetseite besuchen.<\/p>\n<p>Wir setzen Cookies beispielsweise ein, um Ihre ausgew\u00e4hlten Leistungen und Eingaben beim Ausf\u00fcllen eines Formulars auf der Website tempor\u00e4r zu speichern, damit Sie die Eingabe beim Aufruf einer anderen Unterseite nicht wiederholen m\u00fcssen. Cookies werden gegebenenfalls auch eingesetzt, um Sie nach der Registrierung auf der Website als registrierten Benutzer identifizieren zu k\u00f6nnen, ohne dass Sie sich beim Aufruf einer anderen Unterseite erneut einloggen m\u00fcssen.<\/p>\n<p>Sollten Sie eine Verwendung von Browser-Cookies nicht w\u00fcnschen, k\u00f6nnen Sie Ihren Browser so einstellen, dass eine Speicherung von Cookies nicht akzeptiert wird. Bitte beachten Sie, dass Sie unsere Website in diesem Fall allenfalls nur eingeschr\u00e4nkt oder gar nicht nutzen k\u00f6nnen. Wenn Sie nur unsere eigenen Cookies, nicht aber die Cookies unserer Dienstleister und Partner akzeptieren wollen, k\u00f6nnen Sie in Ihrem Browser die Einstellung \u201eCookies von Drittanbietern blockieren\u201c w\u00e4hlen.<\/p>\n<p><strong>Datensicherheit<br \/>\n<\/strong>Alle Informationen, die Sie an uns \u00fcbermitteln, werden auf Servern innerhalb der Schweiz\/Europ\u00e4ischen Union gespeichert. Leider ist die \u00dcbertragung von Informationen \u00fcber das Internet nicht vollst\u00e4ndig sicher, weshalb wir die Sicherheit der \u00fcber das Internet an unsere Website \u00fcbermittelten Daten nicht garantieren k\u00f6nnen. Wir sichern unsere Website und sonstigen Systeme jedoch durch technische und organisatorische Massnahmen gegen Verlust, Zerst\u00f6rung, Zugriff, Ver\u00e4nderung oder Verbreitung Ihrer Daten durch unbefugte Personen ab. Insbesondere werden Ihre pers\u00f6nlichen Daten bei uns verschl\u00fcsselt \u00fcbertragen. Wir bedienen uns dabei des Codierungssystems SSL (Secure Socket Layer) [bzw. TLS (Transport Layer Security)].<\/p>\n<p><strong>Keine Weitergabe Ihrer Personendaten<br \/>\n<\/strong>Wir geben Ihre Personendaten nicht an Dritte weiter, es sei denn, Sie haben in die Datenweitergabe eingewilligt oder wir sind aufgrund gesetzlicher Bestimmungen und\/oder beh\u00f6rdlicher oder gerichtlicher Anordnungen zu einer Datenweitergabe berechtigt oder verpflichtet. Dabei kann es sich insbesondere um die Auskunftserteilung f\u00fcr Zwecke der Strafverfolgung, zur Gefahrenabwehr oder zur Durchsetzung geistiger Eigentumsrechte handeln.<\/p>\n<p><strong>\u00c4nderungen dieser Datenschutzbestimmungen<br \/>\n<\/strong>Wir behalten uns das Recht vor, diese Datenschutzbestimmungen jederzeit mit Wirkung f\u00fcr die Zukunft zu \u00e4ndern. Eine jeweils aktuelle Version ist auf der Website verf\u00fcgbar. Bitte suchen Sie die Website regelm\u00e4ssig auf und informieren Sie sich \u00fcber die geltenden Datenschutzbestimmungen.<\/p>\n<p><strong>Ihre Rechte<br \/>\n<\/strong>Sie haben das Recht, Auskunft \u00fcber Ihre von uns verarbeiteten Personendaten zu verlangen. Insbesondere k\u00f6nnen Sie Auskunft \u00fcber die Personendaten als solche, den Bearbeitungszweck, die Aufbewahrungsdauer oder, falls dies nicht m\u00f6glich ist, die Kriterien zur Festlegung dieser Dauer, die Herkunft Ihrer Daten, sofern diese nicht bei Ihnen erhoben wurden, gegebenenfalls \u00fcber das Vorliegen einer automatisierten Einzelentscheidung sowie gegebenenfalls \u00fcber die Empf\u00e4nger oder die Kategorien von Empf\u00e4ngern, denen Personendaten bekanntgegeben werden verlangen.<\/p>\n<p>Sie haben auch das Recht, eine allenfalls erteilte Einwilligung zur Nutzung Ihrer Personendaten jederzeit zu widerrufen.<\/p>\n<p>Sie k\u00f6nnen Ihre genannten Rechte jederzeit bei uns geltend machen unter der angegebenen Kontaktadresse.<\/p>\n<p>Sofern Sie der Auffassung sind, dass die Verarbeitung Ihrer Personendaten durch uns im Widerspruch zu den geltenden Datenschutzbestimmungen steht, haben Sie die M\u00f6glichkeit, sich beim Eidgen\u00f6ssischen Datenschutz- und \u00d6ffentlichkeitsbeauftragten zu beschweren.<\/p>\n<p>Stand: 1. September 2023<\/p>\n<\/div>\n<\/div>\n","protected":false},"excerpt":{"rendered":"<p>Clause de non-responsabilit\u00e9 Wir sch\u00fctzen Ihre Privatsph\u00e4re und Ihre privaten Daten. Unsere Bearbeitung von Personendaten unserer Nutzer beschr\u00e4nkt sich auf jene Daten, die zur Bereitstellung einer funktionsf\u00e4higen Internetseite sowie unserer Inhalte und Leistungen erforderlich sind. Wir erheben, verarbeiten und nutzen Ihre Personendaten in \u00dcbereinstimmung mit dem Inhalt der vorliegenden Datenschutzbestimmungen sowie den anwendbaren Datenschutzvorschriften, insbesondere &hellip; <\/p>\n<p class=\"link-more\"><a href=\"https:\/\/gelorevoice.ch\/fr\/clause-de-non-responsabilite\/\" class=\"more-link\">Continue reading<span class=\"screen-reader-text\"> \u00ab\u00a0Clause de non-responsabilit\u00e9\u00a0\u00bb<\/span><\/a><\/p>\n","protected":false},"author":1,"featured_media":0,"parent":0,"menu_order":0,"comment_status":"closed","ping_status":"closed","template":"","meta":[],"acf":[],"_links":{"self":[{"href":"https:\/\/gelorevoice.ch\/fr\/wp-json\/wp\/v2\/pages\/176"}],"collection":[{"href":"https:\/\/gelorevoice.ch\/fr\/wp-json\/wp\/v2\/pages"}],"about":[{"href":"https:\/\/gelorevoice.ch\/fr\/wp-json\/wp\/v2\/types\/page"}],"author":[{"embeddable":true,"href":"https:\/\/gelorevoice.ch\/fr\/wp-json\/wp\/v2\/users\/1"}],"replies":[{"embeddable":true,"href":"https:\/\/gelorevoice.ch\/fr\/wp-json\/wp\/v2\/comments?post=176"}],"version-history":[{"count":3,"href":"https:\/\/gelorevoice.ch\/fr\/wp-json\/wp\/v2\/pages\/176\/revisions"}],"predecessor-version":[{"id":291,"href":"https:\/\/gelorevoice.ch\/fr\/wp-json\/wp\/v2\/pages\/176\/revisions\/291"}],"wp:attachment":[{"href":"https:\/\/gelorevoice.ch\/fr\/wp-json\/wp\/v2\/media?parent=176"}],"curies":[{"name":"wp","href":"https:\/\/api.w.org\/{rel}","templated":true}]}}