{"id":35,"date":"2017-10-12T17:02:00","date_gmt":"2017-10-12T17:02:00","guid":{"rendered":"https:\/\/gelorevoice.ch\/?page_id=35"},"modified":"2017-10-13T21:57:48","modified_gmt":"2017-10-13T19:57:48","slug":"utilisation-posologie","status":"publish","type":"page","link":"https:\/\/gelorevoice.ch\/fr\/utilisation-posologie\/","title":{"rendered":"Utilisation &#038; Posologie"},"content":{"rendered":"<div id=\"article-breit-3\">\n<h1>Utilisation de GeloRevoice<\/h1>\n<div class=\"tinymcewysiwyg\">\n<p>Pour permettre au complexe hydrogel de se d\u00e9ployer et de se r\u00e9partir pleinement, sucez les pastilles <span style=\"color: #ff0000;\"><strong>lentement<\/strong><\/span> et jusqu&rsquo;\u00e0 dissolution compl\u00e8te.<br \/><span style=\"color: #ff0000;\"><strong>Les pastilles pour la gorge ne doivent ni \u00eatre croqu\u00e9es ni \u00eatre aval\u00e9es enti\u00e8res.<\/strong><\/span><\/p>\n<p>En fonction des besoins, vous pouvez sucer jusqu&rsquo;\u00e0 6 pastilles par jour.<br \/>Il est conseill\u00e9 de les prendre apr\u00e8s le repas.<\/p>\n<p>Les pastilles pour la gorge GeloRevoice peuvent \u00eatre utilis\u00e9es de mani\u00e8re prolong\u00e9e ou en traitement intermittent. Si vos sympt\u00f4mes aigus devaient s&rsquo;aggraver (p. ex. fi\u00e8vre, mal de gorge, courbatures) ou ne pas s&rsquo;am\u00e9liorer apr\u00e8s 3 jours, veuillez consulter votre m\u00e9decin.<\/p>\n<p>Apr\u00e8s chaque pr\u00e9l\u00e8vement d&rsquo;une pastille, veuillez soigneusement refermer le tube en aluminium.<\/p>\n<p>&nbsp;<\/p>\n<\/div>\n<\/div>\n","protected":false},"excerpt":{"rendered":"<p>Utilisation de GeloRevoice Pour permettre au complexe hydrogel de se d\u00e9ployer et de se r\u00e9partir pleinement, sucez les pastilles lentement et jusqu&rsquo;\u00e0 dissolution compl\u00e8te.Les pastilles pour la gorge ne doivent ni \u00eatre croqu\u00e9es ni \u00eatre aval\u00e9es enti\u00e8res. En fonction des besoins, vous pouvez sucer jusqu&rsquo;\u00e0 6 pastilles par jour.Il est conseill\u00e9 de les prendre apr\u00e8s &hellip; <\/p>\n<p class=\"link-more\"><a href=\"https:\/\/gelorevoice.ch\/fr\/utilisation-posologie\/\" class=\"more-link\">Continue reading<span class=\"screen-reader-text\"> \u00ab\u00a0Utilisation &#038; Posologie\u00a0\u00bb<\/span><\/a><\/p>\n","protected":false},"author":1,"featured_media":0,"parent":0,"menu_order":0,"comment_status":"closed","ping_status":"closed","template":"","meta":[],"acf":[],"_links":{"self":[{"href":"https:\/\/gelorevoice.ch\/fr\/wp-json\/wp\/v2\/pages\/35"}],"collection":[{"href":"https:\/\/gelorevoice.ch\/fr\/wp-json\/wp\/v2\/pages"}],"about":[{"href":"https:\/\/gelorevoice.ch\/fr\/wp-json\/wp\/v2\/types\/page"}],"author":[{"embeddable":true,"href":"https:\/\/gelorevoice.ch\/fr\/wp-json\/wp\/v2\/users\/1"}],"replies":[{"embeddable":true,"href":"https:\/\/gelorevoice.ch\/fr\/wp-json\/wp\/v2\/comments?post=35"}],"version-history":[{"count":2,"href":"https:\/\/gelorevoice.ch\/fr\/wp-json\/wp\/v2\/pages\/35\/revisions"}],"predecessor-version":[{"id":158,"href":"https:\/\/gelorevoice.ch\/fr\/wp-json\/wp\/v2\/pages\/35\/revisions\/158"}],"wp:attachment":[{"href":"https:\/\/gelorevoice.ch\/fr\/wp-json\/wp\/v2\/media?parent=35"}],"curies":[{"name":"wp","href":"https:\/\/api.w.org\/{rel}","templated":true}]}}