{"id":39,"date":"2017-10-12T17:03:18","date_gmt":"2017-10-12T17:03:18","guid":{"rendered":"https:\/\/gelorevoice.ch\/?page_id=39"},"modified":"2017-10-13T16:21:58","modified_gmt":"2017-10-13T14:21:58","slug":"picotements-dans-la-gorge","status":"publish","type":"page","link":"https:\/\/gelorevoice.ch\/fr\/picotements-dans-la-gorge\/","title":{"rendered":"Picotements dans la gorge"},"content":{"rendered":"<p>Avoir la gorge qui picote en permanence est non seulement p\u00e9nible, mais peut \u00e9galement fortement nous restreindre dans nos t\u00e2ches quotidiennes. C&rsquo;est le cas en particulier quand nous d\u00e9pendons du bon fonctionnement de notre voix. Les picotements dans la gorge peuvent \u00eatre tr\u00e8s tenaces et avoir des causes diverses, telles que notamment un air sec d\u00fb au chauffage, des locaux climatis\u00e9s, une allergie au pollen, le tabagisme, \u00a0une respiration nasale entrav\u00e9e (p. ex. en cas de refroidissements), une voix fortement sollicit\u00e9e ou une muqueuse pharyng\u00e9e irrit\u00e9e. Mais une sensation de s\u00e9cheresse permanente dans la sph\u00e8re pharyng\u00e9e peut elle aussi provoquer ou renforcer les picotements dans la gorge.<br \/>\nLes pastilles pour la gorge GeloRevoice stimulent la salivation et recouvrent la sph\u00e8re pharyng\u00e9e d&rsquo;un hydrogel hydratant et apaisant. GeloRevoice prot\u00e8ge la muqueuse sensible contre les agents irritants et agit ainsi contre les picotements p\u00e9nibles dans la gorge. GeloRevoice agit rapidement et durablement. L&rsquo;hydrogel form\u00e9 par GeloRevoice adh\u00e8re parfaitement \u00e0 la muqueuse o\u00f9 il exerce, de mani\u00e8re cibl\u00e9e, un effet hydratant.<\/p>\n","protected":false},"excerpt":{"rendered":"<p>Avoir la gorge qui picote en permanence est non seulement p\u00e9nible, mais peut \u00e9galement fortement nous restreindre dans nos t\u00e2ches quotidiennes. C&rsquo;est le cas en particulier quand nous d\u00e9pendons du bon fonctionnement de notre voix. Les picotements dans la gorge peuvent \u00eatre tr\u00e8s tenaces et avoir des causes diverses, telles que notamment un air sec &hellip; <\/p>\n<p class=\"link-more\"><a href=\"https:\/\/gelorevoice.ch\/fr\/picotements-dans-la-gorge\/\" class=\"more-link\">Continue reading<span class=\"screen-reader-text\"> \u00ab\u00a0Picotements dans la gorge\u00a0\u00bb<\/span><\/a><\/p>\n","protected":false},"author":1,"featured_media":0,"parent":0,"menu_order":0,"comment_status":"closed","ping_status":"closed","template":"","meta":[],"acf":[],"_links":{"self":[{"href":"https:\/\/gelorevoice.ch\/fr\/wp-json\/wp\/v2\/pages\/39"}],"collection":[{"href":"https:\/\/gelorevoice.ch\/fr\/wp-json\/wp\/v2\/pages"}],"about":[{"href":"https:\/\/gelorevoice.ch\/fr\/wp-json\/wp\/v2\/types\/page"}],"author":[{"embeddable":true,"href":"https:\/\/gelorevoice.ch\/fr\/wp-json\/wp\/v2\/users\/1"}],"replies":[{"embeddable":true,"href":"https:\/\/gelorevoice.ch\/fr\/wp-json\/wp\/v2\/comments?post=39"}],"version-history":[{"count":3,"href":"https:\/\/gelorevoice.ch\/fr\/wp-json\/wp\/v2\/pages\/39\/revisions"}],"predecessor-version":[{"id":101,"href":"https:\/\/gelorevoice.ch\/fr\/wp-json\/wp\/v2\/pages\/39\/revisions\/101"}],"wp:attachment":[{"href":"https:\/\/gelorevoice.ch\/fr\/wp-json\/wp\/v2\/media?parent=39"}],"curies":[{"name":"wp","href":"https:\/\/api.w.org\/{rel}","templated":true}]}}