{"id":72,"date":"2017-10-13T16:07:20","date_gmt":"2017-10-13T14:07:20","guid":{"rendered":"https:\/\/gelorevoice.ch\/?page_id=72"},"modified":"2017-10-13T16:17:03","modified_gmt":"2017-10-13T14:17:03","slug":"sensation-de-sechresse","status":"publish","type":"page","link":"https:\/\/gelorevoice.ch\/fr\/sensation-de-sechresse\/","title":{"rendered":"sensation de s\u00e9chresse"},"content":{"rendered":"<p>Le chauffage, la climatisation, une voix fortement sollicit\u00e9e, le tabagisme et une respiration nasale entrav\u00e9e, les attaques polliniques ainsi que certains m\u00e9dicaments, ass\u00e8chent la muqueuse sensible de la bouche, de la gorge et du pharynx. Cela peut entra\u00eener des picotements dans la gorge, une sensation de s\u00e9cheresse, une envie de tousser, un enrouement, une extinction de voix et un besoin constant de se racler la gorge. On peut parfois m\u00eame \u00eatre compl\u00e8tement aphone. De plus, une s\u00e9cheresse de la muqueuse diminue les d\u00e9fenses naturelles de l&rsquo;organisme. Les personnes \u00e2g\u00e9es souffrent souvent de s\u00e9cheresse dans la gorge, car avec l&rsquo;\u00e2ge l&rsquo;\u00e9lasticit\u00e9 des cordes vocales diminue et une sollicitation vocale occasionnelle peut d\u00e9j\u00e0 suffire \u00e0 entra\u00eener des sympt\u00f4mes. La s\u00e9cheresse bucco-pharyng\u00e9e peut aussi souvent \u00eatre due aux effets ind\u00e9sirables de certains m\u00e9dicaments.<\/p>\n<p>Les pastilles pour la gorge GeloRevoice uniques en leur genre contiennent une substance endog\u00e8ne naturelle qui agit comme un agent hydratant important. GeloRevoice est capable de retenir de grandes quantit\u00e9s d&rsquo;humidit\u00e9, assurant ainsi la pr\u00e9sence d&rsquo;un film hydratant stable et durable sur la muqueuse de la gorge et du pharynx. De plus GeloRevoice prot\u00e8ge la sph\u00e8re bucco-pharyng\u00e9e contre les irritations. Les min\u00e9raux contenus dans GeloRevoice stimulent la salivation. GeloRevoice agit rapidement, sensiblement et durablement.<br \/>\nLes pastilles pour la gorge ne contiennent ni antibiotiques ni antiseptiques.<\/p>\n","protected":false},"excerpt":{"rendered":"<p>Le chauffage, la climatisation, une voix fortement sollicit\u00e9e, le tabagisme et une respiration nasale entrav\u00e9e, les attaques polliniques ainsi que certains m\u00e9dicaments, ass\u00e8chent la muqueuse sensible de la bouche, de la gorge et du pharynx. Cela peut entra\u00eener des picotements dans la gorge, une sensation de s\u00e9cheresse, une envie de tousser, un enrouement, une extinction &hellip; <\/p>\n<p class=\"link-more\"><a href=\"https:\/\/gelorevoice.ch\/fr\/sensation-de-sechresse\/\" class=\"more-link\">Continue reading<span class=\"screen-reader-text\"> \u00ab\u00a0sensation de s\u00e9chresse\u00a0\u00bb<\/span><\/a><\/p>\n","protected":false},"author":1,"featured_media":0,"parent":0,"menu_order":0,"comment_status":"closed","ping_status":"closed","template":"","meta":[],"acf":[],"_links":{"self":[{"href":"https:\/\/gelorevoice.ch\/fr\/wp-json\/wp\/v2\/pages\/72"}],"collection":[{"href":"https:\/\/gelorevoice.ch\/fr\/wp-json\/wp\/v2\/pages"}],"about":[{"href":"https:\/\/gelorevoice.ch\/fr\/wp-json\/wp\/v2\/types\/page"}],"author":[{"embeddable":true,"href":"https:\/\/gelorevoice.ch\/fr\/wp-json\/wp\/v2\/users\/1"}],"replies":[{"embeddable":true,"href":"https:\/\/gelorevoice.ch\/fr\/wp-json\/wp\/v2\/comments?post=72"}],"version-history":[{"count":2,"href":"https:\/\/gelorevoice.ch\/fr\/wp-json\/wp\/v2\/pages\/72\/revisions"}],"predecessor-version":[{"id":100,"href":"https:\/\/gelorevoice.ch\/fr\/wp-json\/wp\/v2\/pages\/72\/revisions\/100"}],"wp:attachment":[{"href":"https:\/\/gelorevoice.ch\/fr\/wp-json\/wp\/v2\/media?parent=72"}],"curies":[{"name":"wp","href":"https:\/\/api.w.org\/{rel}","templated":true}]}}