{"id":76,"date":"2017-10-13T16:09:33","date_gmt":"2017-10-13T14:09:33","guid":{"rendered":"https:\/\/gelorevoice.ch\/?page_id=76"},"modified":"2017-10-13T16:09:33","modified_gmt":"2017-10-13T14:09:33","slug":"envie-de-tousser","status":"publish","type":"page","link":"https:\/\/gelorevoice.ch\/fr\/envie-de-tousser\/","title":{"rendered":"Envie de tousser"},"content":{"rendered":"<p>L&rsquo;envie de tousser peut avoir de nombreuses causes. Une muqueuse pharyng\u00e9e bien prot\u00e9g\u00e9e et humidifi\u00e9e peut soulager cette p\u00e9nible envie de tousser provoqu\u00e9e par l&rsquo;air sec, la climatisation, la sollicitation excessive de la voix, le tabagisme ou les attaques polliniques. Un complexe hydrogel ultrafin form\u00e9 par l&rsquo;utilisation de GeloRevoice se d\u00e9pose alors sur la muqueuse bucco-pharyng\u00e9e comme une couche protectrice. L&rsquo;hydrogel form\u00e9 par GeloRevoice humidifie et prot\u00e8ge contre les irritations, permettant ainsi d&rsquo;apaiser les irritations de la muqueuse.<\/p>\n","protected":false},"excerpt":{"rendered":"<p>L&rsquo;envie de tousser peut avoir de nombreuses causes. Une muqueuse pharyng\u00e9e bien prot\u00e9g\u00e9e et humidifi\u00e9e peut soulager cette p\u00e9nible envie de tousser provoqu\u00e9e par l&rsquo;air sec, la climatisation, la sollicitation excessive de la voix, le tabagisme ou les attaques polliniques. Un complexe hydrogel ultrafin form\u00e9 par l&rsquo;utilisation de GeloRevoice se d\u00e9pose alors sur la muqueuse &hellip; <\/p>\n<p class=\"link-more\"><a href=\"https:\/\/gelorevoice.ch\/fr\/envie-de-tousser\/\" class=\"more-link\">Continue reading<span class=\"screen-reader-text\"> \u00ab\u00a0Envie de tousser\u00a0\u00bb<\/span><\/a><\/p>\n","protected":false},"author":1,"featured_media":0,"parent":0,"menu_order":0,"comment_status":"closed","ping_status":"closed","template":"","meta":[],"acf":[],"_links":{"self":[{"href":"https:\/\/gelorevoice.ch\/fr\/wp-json\/wp\/v2\/pages\/76"}],"collection":[{"href":"https:\/\/gelorevoice.ch\/fr\/wp-json\/wp\/v2\/pages"}],"about":[{"href":"https:\/\/gelorevoice.ch\/fr\/wp-json\/wp\/v2\/types\/page"}],"author":[{"embeddable":true,"href":"https:\/\/gelorevoice.ch\/fr\/wp-json\/wp\/v2\/users\/1"}],"replies":[{"embeddable":true,"href":"https:\/\/gelorevoice.ch\/fr\/wp-json\/wp\/v2\/comments?post=76"}],"version-history":[{"count":1,"href":"https:\/\/gelorevoice.ch\/fr\/wp-json\/wp\/v2\/pages\/76\/revisions"}],"predecessor-version":[{"id":77,"href":"https:\/\/gelorevoice.ch\/fr\/wp-json\/wp\/v2\/pages\/76\/revisions\/77"}],"wp:attachment":[{"href":"https:\/\/gelorevoice.ch\/fr\/wp-json\/wp\/v2\/media?parent=76"}],"curies":[{"name":"wp","href":"https:\/\/api.w.org\/{rel}","templated":true}]}}