{"id":80,"date":"2017-10-13T16:10:54","date_gmt":"2017-10-13T14:10:54","guid":{"rendered":"https:\/\/gelorevoice.ch\/?page_id=80"},"modified":"2017-10-13T16:11:00","modified_gmt":"2017-10-13T14:11:00","slug":"extinction-de-voix","status":"publish","type":"page","link":"https:\/\/gelorevoice.ch\/fr\/extinction-de-voix\/","title":{"rendered":"Extinction de voix"},"content":{"rendered":"<p>La voix est constamment sollicit\u00e9e. T\u00e9l\u00e9phone, pr\u00e9sentations, r\u00e9unions, chant dans une chorale. Les sympt\u00f4mes tels qu&rsquo;enrouement, envie de tousser et besoin de se racler la gorge peuvent en \u00eatre la cons\u00e9quence. Enseignants, chanteurs, vendeurs, acteurs ou mod\u00e9rateurs \u2013 pour bon nombre de personnes la voix est le principal outil de travail. Ce sont surtout les personnes appel\u00e9es \u00e0 parler ou \u00e0 chanter beaucoup qui attendent chaque jour des performances maximales de leur voix. C&rsquo;est pourquoi les picotements dans la gorge, l&rsquo;envie de tousser et l&rsquo;enrouement sont particuli\u00e8rement fr\u00e9quents dans ces cat\u00e9gories professionnelles. Les personnes concern\u00e9es se plaignent d&rsquo;avoir une sensation de s\u00e9cheresse au niveau de la muqueuse bucco-pharyng\u00e9e, d&rsquo;avoir la gorge qui picote et d&rsquo;\u00eatre enrou\u00e9es et d&rsquo;avoir une voix rauque, et ce m\u00eame en cas de sollicitations peu importantes. Il est grand temps d&rsquo;agir maintenant pour que votre voix ne vous l\u00e2che pas compl\u00e8tement. La principale mesure est la suivante: veiller \u00e0 ce que la sph\u00e8re bucco-pharyng\u00e9e soit humidifi\u00e9e!<br \/>\nLes pastilles pour la gorge GeloRevoice uniques en leur genre contiennent une substance endog\u00e8ne naturelle qui agit comme un agent hydratant important. GeloRevoice est capable de retenir de grandes quantit\u00e9s d&rsquo;humidit\u00e9, assurant ainsi la pr\u00e9sence d&rsquo;un film hydratant stable et durable sur la muqueuse de la gorge et du pharynx. De plus GeloRevoice prot\u00e8ge la sph\u00e8re bucco-pharyng\u00e9e contre les irritations. GeloRevoice agit rapidement, sensiblement et durablement. Les pastilles pour la gorge ne contiennent ni antibiotiques ni antiseptiques.<br \/>\nVeuillez suivre les conseils suivants: apr\u00e8s avoir \u00e9t\u00e9 sollicit\u00e9e de mani\u00e8re excessive, la voix a bien m\u00e9rit\u00e9 une pause. Toute personne qui a beaucoup parl\u00e9 ou cri\u00e9 devrait permettre au larynx de se reposer. Le tabac et l&rsquo;alcool sont tabous pour une bonne voix. Le caf\u00e9 et le th\u00e9 noir doivent \u00eatre consomm\u00e9s avec mod\u00e9ration, car ces boissons peuvent dess\u00e9cher les muqueuses. Important: il faut boire suffisamment d&rsquo;eau \u2013 mais pas trop chaude ni trop froide, car trop de chaleur et de froid peuvent nuire aux cordes vocales.<\/p>\n","protected":false},"excerpt":{"rendered":"<p>La voix est constamment sollicit\u00e9e. T\u00e9l\u00e9phone, pr\u00e9sentations, r\u00e9unions, chant dans une chorale. Les sympt\u00f4mes tels qu&rsquo;enrouement, envie de tousser et besoin de se racler la gorge peuvent en \u00eatre la cons\u00e9quence. Enseignants, chanteurs, vendeurs, acteurs ou mod\u00e9rateurs \u2013 pour bon nombre de personnes la voix est le principal outil de travail. Ce sont surtout les &hellip; <\/p>\n<p class=\"link-more\"><a href=\"https:\/\/gelorevoice.ch\/fr\/extinction-de-voix\/\" class=\"more-link\">Continue reading<span class=\"screen-reader-text\"> \u00ab\u00a0Extinction de voix\u00a0\u00bb<\/span><\/a><\/p>\n","protected":false},"author":1,"featured_media":0,"parent":0,"menu_order":0,"comment_status":"closed","ping_status":"closed","template":"","meta":[],"acf":[],"_links":{"self":[{"href":"https:\/\/gelorevoice.ch\/fr\/wp-json\/wp\/v2\/pages\/80"}],"collection":[{"href":"https:\/\/gelorevoice.ch\/fr\/wp-json\/wp\/v2\/pages"}],"about":[{"href":"https:\/\/gelorevoice.ch\/fr\/wp-json\/wp\/v2\/types\/page"}],"author":[{"embeddable":true,"href":"https:\/\/gelorevoice.ch\/fr\/wp-json\/wp\/v2\/users\/1"}],"replies":[{"embeddable":true,"href":"https:\/\/gelorevoice.ch\/fr\/wp-json\/wp\/v2\/comments?post=80"}],"version-history":[{"count":2,"href":"https:\/\/gelorevoice.ch\/fr\/wp-json\/wp\/v2\/pages\/80\/revisions"}],"predecessor-version":[{"id":82,"href":"https:\/\/gelorevoice.ch\/fr\/wp-json\/wp\/v2\/pages\/80\/revisions\/82"}],"wp:attachment":[{"href":"https:\/\/gelorevoice.ch\/fr\/wp-json\/wp\/v2\/media?parent=80"}],"curies":[{"name":"wp","href":"https:\/\/api.w.org\/{rel}","templated":true}]}}