{"id":87,"date":"2017-10-13T16:13:19","date_gmt":"2017-10-13T14:13:19","guid":{"rendered":"https:\/\/gelorevoice.ch\/?page_id=87"},"modified":"2024-01-16T09:46:43","modified_gmt":"2024-01-16T07:46:43","slug":"mal-de-la-gorge","status":"publish","type":"page","link":"https:\/\/gelorevoice.ch\/fr\/mal-de-la-gorge\/","title":{"rendered":"Mal de la gorge"},"content":{"rendered":"<p>Les maux de gorge peuvent \u00eatre vraiment g\u00eanants. Ils sont souvent dus \u00e0 une irritation ou \u00e0 une inflammation de la gorge et\/ou du pharynx. La cause la plus fr\u00e9quente des maux de gorge est une muqueuse s\u00e8che en cas de sollicitation \u00e9lev\u00e9e de la voix ou des infections virales comme le rhume ou la grippe. Chaque personne per\u00e7oit les sympt\u00f4mes de mani\u00e8re l\u00e9g\u00e8rement diff\u00e9rente. Il peut s&rsquo;agir d&rsquo;une sensation de s\u00e9cheresse, de grattement ou de br\u00fblure dans la gorge. La douleur peut \u00eatre permanente ou seulement per\u00e7ue lorsque l&rsquo;on parle ou que l&rsquo;on avale. En cas de maux de gorge et de troubles de la d\u00e9glutition, les experts recommandent d\u2019humidifier la muqueuse pharyng\u00e9e et, en cas de fortes douleurs, d\u2019utiliser des antalgiques en compl\u00e9ment pour soulager les sympt\u00f4mes.<\/p>\n<p>Les pastilles pour la gorge GeloRevoice uniques en leur genre contiennent une substance endog\u00e8ne naturelle qui agit comme un agent hydratant important. GeloRevoice est capable de retenir de grandes quantit\u00e9s d\u2019humidit\u00e9, assurant ainsi la pr\u00e9sence d\u2019un film hydratant stable, durable et apaisant sur la muqueuse de la gorge et du pharynx. De plus, GeloRevoice prot\u00e8ge la sph\u00e8re bucco-pharyng\u00e9e contre les irritations. GeloRevoice agit rapidement, sensiblement et durablement.<\/p>\n<p><strong>Les pastilles GeloRevoice pour la gorge ne contiennent ni antibiotiques ni antiseptiques.<\/strong><\/p>\n","protected":false},"excerpt":{"rendered":"<p>Les maux de gorge peuvent \u00eatre vraiment g\u00eanants. Ils sont souvent dus \u00e0 une irritation ou \u00e0 une inflammation de la gorge et\/ou du pharynx. La cause la plus fr\u00e9quente des maux de gorge est une muqueuse s\u00e8che en cas de sollicitation \u00e9lev\u00e9e de la voix ou des infections virales comme le rhume ou la &hellip; <\/p>\n<p class=\"link-more\"><a href=\"https:\/\/gelorevoice.ch\/fr\/mal-de-la-gorge\/\" class=\"more-link\">Continue reading<span class=\"screen-reader-text\"> \u00ab\u00a0Mal de la gorge\u00a0\u00bb<\/span><\/a><\/p>\n","protected":false},"author":1,"featured_media":0,"parent":0,"menu_order":0,"comment_status":"closed","ping_status":"closed","template":"","meta":[],"acf":[],"_links":{"self":[{"href":"https:\/\/gelorevoice.ch\/fr\/wp-json\/wp\/v2\/pages\/87"}],"collection":[{"href":"https:\/\/gelorevoice.ch\/fr\/wp-json\/wp\/v2\/pages"}],"about":[{"href":"https:\/\/gelorevoice.ch\/fr\/wp-json\/wp\/v2\/types\/page"}],"author":[{"embeddable":true,"href":"https:\/\/gelorevoice.ch\/fr\/wp-json\/wp\/v2\/users\/1"}],"replies":[{"embeddable":true,"href":"https:\/\/gelorevoice.ch\/fr\/wp-json\/wp\/v2\/comments?post=87"}],"version-history":[{"count":8,"href":"https:\/\/gelorevoice.ch\/fr\/wp-json\/wp\/v2\/pages\/87\/revisions"}],"predecessor-version":[{"id":256,"href":"https:\/\/gelorevoice.ch\/fr\/wp-json\/wp\/v2\/pages\/87\/revisions\/256"}],"wp:attachment":[{"href":"https:\/\/gelorevoice.ch\/fr\/wp-json\/wp\/v2\/media?parent=87"}],"curies":[{"name":"wp","href":"https:\/\/api.w.org\/{rel}","templated":true}]}}