{"id":89,"date":"2017-10-13T16:14:14","date_gmt":"2017-10-13T14:14:14","guid":{"rendered":"https:\/\/gelorevoice.ch\/?page_id=89"},"modified":"2017-10-13T16:14:14","modified_gmt":"2017-10-13T14:14:14","slug":"allergie-au-pollen","status":"publish","type":"page","link":"https:\/\/gelorevoice.ch\/fr\/allergie-au-pollen\/","title":{"rendered":"Allergie au pollen"},"content":{"rendered":"<p>La plupart des gens se r\u00e9jouissent quand fleurissent les premi\u00e8res fleurs, les premiers arbres et les premi\u00e8res gramin\u00e9es. Mais les personnes allergiques au pollen voient venir ces signes annonciateurs du printemps avec des sentiments plut\u00f4t mitig\u00e9s. Les sympt\u00f4mes typiques sont les yeux gonfl\u00e9s et larmoyants, ainsi que des d\u00e9mangeaisons g\u00eanantes dans le nez et les yeux. Mais des sympt\u00f4mes tels que la gorge s\u00e8che, des picotements dans la gorge et une envie de tousser, sont des manifestations associ\u00e9es fr\u00e9quentes qui peuvent appara\u00eetre en lien avec une allergie. Dans ce cas, les pastilles pour la gorge GeloRevoice \u00e0 base d&rsquo;acide hyaluronique \u00a0sont efficaces. Elles hydratent rapidement et durablement la muqueuse bucco-pharyng\u00e9e irrit\u00e9e, soulageant alors aussi tr\u00e8s rapidement les maux de gorge d&rsquo;origine allergique. De plus, l&rsquo;hydrogel de GeloRevoice peut prot\u00e9ger la muqueuse pharyng\u00e9e sensible contre les attaques polliniques.<\/p>\n","protected":false},"excerpt":{"rendered":"<p>La plupart des gens se r\u00e9jouissent quand fleurissent les premi\u00e8res fleurs, les premiers arbres et les premi\u00e8res gramin\u00e9es. Mais les personnes allergiques au pollen voient venir ces signes annonciateurs du printemps avec des sentiments plut\u00f4t mitig\u00e9s. Les sympt\u00f4mes typiques sont les yeux gonfl\u00e9s et larmoyants, ainsi que des d\u00e9mangeaisons g\u00eanantes dans le nez et les &hellip; <\/p>\n<p class=\"link-more\"><a href=\"https:\/\/gelorevoice.ch\/fr\/allergie-au-pollen\/\" class=\"more-link\">Continue reading<span class=\"screen-reader-text\"> \u00ab\u00a0Allergie au pollen\u00a0\u00bb<\/span><\/a><\/p>\n","protected":false},"author":1,"featured_media":0,"parent":0,"menu_order":0,"comment_status":"closed","ping_status":"closed","template":"","meta":[],"acf":[],"_links":{"self":[{"href":"https:\/\/gelorevoice.ch\/fr\/wp-json\/wp\/v2\/pages\/89"}],"collection":[{"href":"https:\/\/gelorevoice.ch\/fr\/wp-json\/wp\/v2\/pages"}],"about":[{"href":"https:\/\/gelorevoice.ch\/fr\/wp-json\/wp\/v2\/types\/page"}],"author":[{"embeddable":true,"href":"https:\/\/gelorevoice.ch\/fr\/wp-json\/wp\/v2\/users\/1"}],"replies":[{"embeddable":true,"href":"https:\/\/gelorevoice.ch\/fr\/wp-json\/wp\/v2\/comments?post=89"}],"version-history":[{"count":1,"href":"https:\/\/gelorevoice.ch\/fr\/wp-json\/wp\/v2\/pages\/89\/revisions"}],"predecessor-version":[{"id":90,"href":"https:\/\/gelorevoice.ch\/fr\/wp-json\/wp\/v2\/pages\/89\/revisions\/90"}],"wp:attachment":[{"href":"https:\/\/gelorevoice.ch\/fr\/wp-json\/wp\/v2\/media?parent=89"}],"curies":[{"name":"wp","href":"https:\/\/api.w.org\/{rel}","templated":true}]}}