{"id":148,"date":"2017-10-13T21:42:30","date_gmt":"2017-10-13T19:42:30","guid":{"rendered":"https:\/\/gelorevoice.ch\/?page_id=148"},"modified":"2017-10-25T12:59:55","modified_gmt":"2017-10-25T10:59:55","slug":"principi-attivi","status":"publish","type":"page","link":"https:\/\/gelorevoice.ch\/it\/principi-attivi\/","title":{"rendered":"principi attivi"},"content":{"rendered":"<div id=\"article-breit\">\n<h1>I principi attivi di GeloRevoice<\/h1>\n<div class=\"tinymcewysiwyg\">\n<p><strong><img decoding=\"async\" loading=\"lazy\" src=\"\/wp-content\/uploads\/2017\/10\/gelowirkstoffe_schema_i.jpg\" alt=\"\" width=\"439\" height=\"340\"><\/strong><\/p>\n<p><strong>GeloRevoice non contiene antibiotici, n\u00e9 disinfettanti, n\u00e9 anestetici locali. Cos\u00ec la flora batterica orale e intestinale, il senso del gusto e la sensibilit\u00e0 orale restano intatti.<\/strong><\/p>\n<p>&nbsp;<\/p>\n<p><strong>Una formulazione galenica geniale<br \/><\/strong>La compressa orosolubile di GeloRevoice cede i suoi componenti attivi idratanti e le mucillagini in modo costante alle mucose orofaringee per un periodo di tempo prolungato, con efficacia costante e duratura.&nbsp; A seconda dell&#8217;azione meccanica a cui \u00e8 sottoposta la compressa nella bocca, il rilascio degli attivi idratanti e protettivi dell&#8217;idrogel avviene in modo pi\u00f9 o meno intenso.<\/p>\n<\/div>\n<\/div>\n","protected":false},"excerpt":{"rendered":"<p>I principi attivi di GeloRevoice GeloRevoice non contiene antibiotici, n\u00e9 disinfettanti, n\u00e9 anestetici locali. Cos\u00ec la flora batterica orale e intestinale, il senso del gusto e la sensibilit\u00e0 orale restano intatti. &nbsp; Una formulazione galenica genialeLa compressa orosolubile di GeloRevoice cede i suoi componenti attivi idratanti e le mucillagini in modo costante alle mucose orofaringee &hellip; <\/p>\n<p class=\"link-more\"><a href=\"https:\/\/gelorevoice.ch\/it\/principi-attivi\/\" class=\"more-link\">Continue reading<span class=\"screen-reader-text\"> &#8220;principi attivi&#8221;<\/span><\/a><\/p>\n","protected":false},"author":1,"featured_media":0,"parent":0,"menu_order":0,"comment_status":"closed","ping_status":"closed","template":"","meta":[],"acf":[],"_links":{"self":[{"href":"https:\/\/gelorevoice.ch\/it\/wp-json\/wp\/v2\/pages\/148"}],"collection":[{"href":"https:\/\/gelorevoice.ch\/it\/wp-json\/wp\/v2\/pages"}],"about":[{"href":"https:\/\/gelorevoice.ch\/it\/wp-json\/wp\/v2\/types\/page"}],"author":[{"embeddable":true,"href":"https:\/\/gelorevoice.ch\/it\/wp-json\/wp\/v2\/users\/1"}],"replies":[{"embeddable":true,"href":"https:\/\/gelorevoice.ch\/it\/wp-json\/wp\/v2\/comments?post=148"}],"version-history":[{"count":4,"href":"https:\/\/gelorevoice.ch\/it\/wp-json\/wp\/v2\/pages\/148\/revisions"}],"predecessor-version":[{"id":190,"href":"https:\/\/gelorevoice.ch\/it\/wp-json\/wp\/v2\/pages\/148\/revisions\/190"}],"wp:attachment":[{"href":"https:\/\/gelorevoice.ch\/it\/wp-json\/wp\/v2\/media?parent=148"}],"curies":[{"name":"wp","href":"https:\/\/api.w.org\/{rel}","templated":true}]}}