{"id":162,"date":"2017-10-13T22:02:35","date_gmt":"2017-10-13T20:02:35","guid":{"rendered":"https:\/\/gelorevoice.ch\/?page_id=162"},"modified":"2018-12-04T11:28:53","modified_gmt":"2018-12-04T09:28:53","slug":"buono-a-sapersi","status":"publish","type":"page","link":"https:\/\/gelorevoice.ch\/it\/buono-a-sapersi\/","title":{"rendered":"Buono a sapersi"},"content":{"rendered":"<div id=\"article-breit\">\n<div class=\"tinymcewysiwyg\">\n<p><strong>Le compresse per la gola GeloRevoice si possono usare durante la gravidanza e l&#8217;allattamento?<br \/>\n<\/strong>Non disponiamo di dati che indichino che le compresse per la gola GeloRevoice siano controindicate in gravidanza e durante l&#8217;allattamento.<\/p>\n<p><strong>Sono vegano, posso usare ugualmente GeloRevoice?<br \/>\n<\/strong>L&#8217;acido ialuronico (ialuronato di sodio) contenuto in GeloRevoice viene prodotto biotecnologicamente tramite fermentazione da colture batteriche<\/p>\n<p><strong>GeloRevoice contiene zucchero?<br \/>\n<\/strong>GeloRevoice non contiene zucchero.<\/p>\n<p><strong>Controindicazioni e avvertenze:<br \/>\n<\/strong>Le compresse per la gola GeloRevoice non devono essere impiegate in caso di allergia o ipersensibilit\u00e0 nota nei confronti di uno o pi\u00f9 componenti. L&#8217;uso delle compresse \u00e8 sconsigliato per i pazienti con forte compromissione della produzione di saliva (p. es. pazienti affetti dalla sindrome di Sj\u00f6gren). In presenza di fenilchetonuria (una malattia metabolica ereditaria) occorre tener presente che le compresse per la gola GeloRevoice contengono il dolcificante aspartame. Non utilizzi le compresse per la gola GeloRevoice contemporaneamente ad altri prodotti da impiegare localmente nel cavo orale o in gola. Non succhi le compresse mentre \u00e8 sdraiato, p. es. prima di dormire, per evitare che le vadano di traverso.<\/p>\n<p><strong>Cosa bisogna tenere in considerazione nei bambini?<br \/>\n<\/strong>Non utilizzare nei bambini al di sotto dei 6 anni. (In quanto potrebbero masticare le compresse o inghiottirle intere).<\/p>\n<p><strong>Effetti collaterali:<\/strong><br \/>\nUn&#8217;eccessiva assunzione di compresse per la gola GeloRevoice pu\u00f2 avere un effetto lassativo e\/o causare disturbi gastrointestinali.<\/p>\n<p><strong>Modalit\u00e0 e durata dell&#8217;assunzione:<br \/>\n<\/strong>Indicazioni per l&#8217;uso delle compresse per la gola GeloRevoice: le compresse per la gola GeloRevoice vanno succhiate lentamente fino a completo scioglimento per assicurare la completa formazione e ripartizione sulle mucose del complesso-idrogel. Le compresse per la gola non vanno masticate o inghiottite intere.<\/p>\n<p><strong>Con che frequenza vanno assunte le compresse per la gola GeloRevoice?<br \/>\n<\/strong>In caso di necessit\u00e0 si pu\u00f2 succhiare una compressa per la gola GeloRevoice pi\u00f9 volte al giorno, p.es. ogni 2-3 ore. Si possono assumere fino ad un massimo di 6 compresse al giorno. Si raccomanda di assumere le compresse a stomaco pieno.<\/p>\n<p><strong>Per quanto tempo si possono usare le compresse per la gola GeloRevoice?<br \/>\n<\/strong>Le compresse per la gola GeloRevoice si possono usare per un periodo di tempo prolungato oppure a intervalli. Se i disturbi acuti dovessero peggiorare (p.es. febbre, edema della gola, dolori articolari) o se non migliorano entro 3 giorni, si rivolga al suo medico.<\/p>\n<p><strong>Indicazioni e dati sulla validit\u00e0:<br \/>\n<\/strong>Le compresse per la gola GeloRevoice non devono essere utilizzate dopo la data di scadenza.<\/p>\n<p><strong>Indicazioni per la conservazione:<br \/>\n<\/strong>Le compresse per la gola GeloRevoice vanno conservate in luogo asciutto a temperatura inferiore a 25\u00b0C. Dopo ogni assunzione, richiudere bene il tubo di alluminio.<\/p>\n<p><strong>Conservare con cura i dispositivi medici! Conservare fuori dalla portata dei bambini!<\/strong><\/p>\n<p><strong>Distribuzione per la Svizzera:<\/strong><br \/>\nAlpinamed AG, Alte Landstrasse 11, CH-9306 Freidorf<br \/>\nwww.alpinamed.ch<\/p>\n<p>Fabbricante: G. Pohl-Boskamp GmbH &amp; Co. KG, Kieler Strasse 11, D-25551 Hohenlockstedt<\/p>\n<\/div>\n<p><a class=\"link_icon ico_pdf\" href=\"\/wp-content\/uploads\/2017\/10\/gelorevoice_gebrauchsanweisung.pdf\"><img decoding=\"async\" src=\"\/wp-content\/uploads\/2017\/10\/pdf.png\" alt=\"\" \/><\/a><a href=\"https:\/\/gelorevoice.ch\/wp-content\/uploads\/2018\/12\/Download-delle-istruzioni-per-luso-PDF.pdf\">Download delle istruzioni per l&#8217;uso (PDF)<\/a><\/p>\n<\/div>\n","protected":false},"excerpt":{"rendered":"<p>Le compresse per la gola GeloRevoice si possono usare durante la gravidanza e l&#8217;allattamento? Non disponiamo di dati che indichino che le compresse per la gola GeloRevoice siano controindicate in gravidanza e durante l&#8217;allattamento. Sono vegano, posso usare ugualmente GeloRevoice? L&#8217;acido ialuronico (ialuronato di sodio) contenuto in GeloRevoice viene prodotto biotecnologicamente tramite fermentazione da colture &hellip; <\/p>\n<p class=\"link-more\"><a href=\"https:\/\/gelorevoice.ch\/it\/buono-a-sapersi\/\" class=\"more-link\">Continue reading<span class=\"screen-reader-text\"> &#8220;Buono a sapersi&#8221;<\/span><\/a><\/p>\n","protected":false},"author":1,"featured_media":0,"parent":0,"menu_order":0,"comment_status":"closed","ping_status":"closed","template":"","meta":[],"acf":[],"_links":{"self":[{"href":"https:\/\/gelorevoice.ch\/it\/wp-json\/wp\/v2\/pages\/162"}],"collection":[{"href":"https:\/\/gelorevoice.ch\/it\/wp-json\/wp\/v2\/pages"}],"about":[{"href":"https:\/\/gelorevoice.ch\/it\/wp-json\/wp\/v2\/types\/page"}],"author":[{"embeddable":true,"href":"https:\/\/gelorevoice.ch\/it\/wp-json\/wp\/v2\/users\/1"}],"replies":[{"embeddable":true,"href":"https:\/\/gelorevoice.ch\/it\/wp-json\/wp\/v2\/comments?post=162"}],"version-history":[{"count":3,"href":"https:\/\/gelorevoice.ch\/it\/wp-json\/wp\/v2\/pages\/162\/revisions"}],"predecessor-version":[{"id":201,"href":"https:\/\/gelorevoice.ch\/it\/wp-json\/wp\/v2\/pages\/162\/revisions\/201"}],"wp:attachment":[{"href":"https:\/\/gelorevoice.ch\/it\/wp-json\/wp\/v2\/media?parent=162"}],"curies":[{"name":"wp","href":"https:\/\/api.w.org\/{rel}","templated":true}]}}