{"id":74,"date":"2017-10-13T16:07:58","date_gmt":"2017-10-13T14:07:58","guid":{"rendered":"https:\/\/gelorevoice.ch\/?page_id=74"},"modified":"2017-10-13T16:07:58","modified_gmt":"2017-10-13T14:07:58","slug":"sensazione-di-secchezza-delle-mucose","status":"publish","type":"page","link":"https:\/\/gelorevoice.ch\/it\/sensazione-di-secchezza-delle-mucose\/","title":{"rendered":"Sensazione di secchezza delle mucose"},"content":{"rendered":"<p>L&#8217;aria secca degli impianti di riscaldamento, l&#8217;aria condizionata, un uso eccessivo della voce, il fumo e una respirazione nasale ridotta, gli attacchi dei pollini e alcuni medicamenti seccano le delicate mucose della bocca, della gola e della faringe. Le conseguenze possono essere il raschio alla gola, una sensazione di secchezza, stimolo a tossire, raucedine, calo di voce e il bisogno costante di schiarirsi la gola. A volte la voce viene a mancare del tutto. Inoltre la secchezza delle mucose riduce le difese naturali dell&#8217;organismo. Le persone anziane sono spesso colpite da secchezza della gola, perch\u00e9 con l&#8217;et\u00e0 l&#8217;elasticit\u00e0 delle corde vocali diminuisce e lo sforzo imposto alla voce causa spesso disturbi. La secchezza orofaringea spesso rappresenta un effetto collaterale di alcuni medicamenti.<\/p>\n<p>La speciale compressa per la gola GeloRevoice contiene una sostanza naturale prodotta anche dal nostro organismo, che agisce da importante serbatoio di umidit\u00e0. GeloRevoice ha la capacit\u00e0 di legare a s\u00e9 grandi quantit\u00e0 di umidit\u00e0 e di formare un film umettante stabile e duraturo sulle mucose della gola e della faringe. Inoltre GeloRevoice protegge il cavo orofaringeo dalle irritazioni. Le sostanze minerali contenute in GeloRevoice favoriscono la salivazione. GeloRevoice agisce rapidamente, in modo sensibile e a lungo. Le compresse per la gola non contengono antibiotici, n\u00e9 antisettici.<\/p>\n","protected":false},"excerpt":{"rendered":"<p>L&#8217;aria secca degli impianti di riscaldamento, l&#8217;aria condizionata, un uso eccessivo della voce, il fumo e una respirazione nasale ridotta, gli attacchi dei pollini e alcuni medicamenti seccano le delicate mucose della bocca, della gola e della faringe. Le conseguenze possono essere il raschio alla gola, una sensazione di secchezza, stimolo a tossire, raucedine, calo &hellip; <\/p>\n<p class=\"link-more\"><a href=\"https:\/\/gelorevoice.ch\/it\/sensazione-di-secchezza-delle-mucose\/\" class=\"more-link\">Continue reading<span class=\"screen-reader-text\"> &#8220;Sensazione di secchezza delle mucose&#8221;<\/span><\/a><\/p>\n","protected":false},"author":1,"featured_media":0,"parent":0,"menu_order":0,"comment_status":"closed","ping_status":"closed","template":"","meta":[],"acf":[],"_links":{"self":[{"href":"https:\/\/gelorevoice.ch\/it\/wp-json\/wp\/v2\/pages\/74"}],"collection":[{"href":"https:\/\/gelorevoice.ch\/it\/wp-json\/wp\/v2\/pages"}],"about":[{"href":"https:\/\/gelorevoice.ch\/it\/wp-json\/wp\/v2\/types\/page"}],"author":[{"embeddable":true,"href":"https:\/\/gelorevoice.ch\/it\/wp-json\/wp\/v2\/users\/1"}],"replies":[{"embeddable":true,"href":"https:\/\/gelorevoice.ch\/it\/wp-json\/wp\/v2\/comments?post=74"}],"version-history":[{"count":1,"href":"https:\/\/gelorevoice.ch\/it\/wp-json\/wp\/v2\/pages\/74\/revisions"}],"predecessor-version":[{"id":75,"href":"https:\/\/gelorevoice.ch\/it\/wp-json\/wp\/v2\/pages\/74\/revisions\/75"}],"wp:attachment":[{"href":"https:\/\/gelorevoice.ch\/it\/wp-json\/wp\/v2\/media?parent=74"}],"curies":[{"name":"wp","href":"https:\/\/api.w.org\/{rel}","templated":true}]}}