{"id":83,"date":"2017-10-13T16:11:35","date_gmt":"2017-10-13T14:11:35","guid":{"rendered":"https:\/\/gelorevoice.ch\/?page_id=83"},"modified":"2017-10-13T16:11:35","modified_gmt":"2017-10-13T14:11:35","slug":"abbassamento-della-voce","status":"publish","type":"page","link":"https:\/\/gelorevoice.ch\/it\/abbassamento-della-voce\/","title":{"rendered":"abbassamento della voce"},"content":{"rendered":"<p>La voce \u00e8 sempre al lavoro. Al telefono, in conferenza, in riunione, quando si canta nel coro. Le conseguenze di questo superlavoro possono essere raucedine, stimolo della tosse e il bisogno di schiarirsi costantemente la gola. Insegnanti, cantanti, commessi, attori o moderatori \u2013 per molte persone la voce costituisce un importante strumento di lavoro. Proprio chi per lavoro parla molto o canta richiede quotidianamente alla propria voce delle prestazioni elevate. Ecco perch\u00e9, soprattutto in queste categorie professionali, si riscontrano pi\u00f9 spesso disturbi come raschio alla gola, stimolo della tosse e raucedine. Chi soffre di questi disturbi lamenta una sensazione di secchezza delle mucose orofaringee, un costante raschio alla gola a causa del quale anche i pi\u00f9 piccoli sforzi provocano raucedine e una voce gracchiante. Alla comparsa di questi sintomi bisogna adottare urgentemente le misure del caso, prima che la voce scompaia del tutto. Il rimedio pi\u00f9 importante \u00e8: idratare il cavo orofaringeo!<br \/>\nLa speciale compressa per la gola GeloRevoice contiene una sostanza naturale prodotta anche dal nostro organismo, che agisce da importante serbatoio di umidit\u00e0. GeloRevoice ha la capacit\u00e0 di legare a s\u00e9 grandi quantit\u00e0 di umidit\u00e0 e di formare un film umettante stabile e duraturo sulle mucose della gola e della faringe. Inoltre GeloRevoice protegge il cavo orofaringeo dalle irritazioni. \u00a0GeloRevoice agisce rapidamente, in modo sensibile e a lungo. Le compresse per la gola non contengono antibiotici, n\u00e9 antisettici.<br \/>\nFate tesoro dei consigli seguenti: se avete fatto un uso intensivo della voce, concedetele una pausa. Chi ha parlato o gridato molto deve concedere una pausa alla propria laringe. Per una buona voce fumo e alcool sono tab\u00f9. Anche caff\u00e8 e te nero vanno consumati con moderazione, in quanto possono seccare le mucose. Importante: bere acqua a sufficienza, ma fare attenzione che non sia troppo calda o troppo fredda, in quanto il caldo e il freddo eccessivo possono danneggiare le corde vocali.<\/p>\n","protected":false},"excerpt":{"rendered":"<p>La voce \u00e8 sempre al lavoro. Al telefono, in conferenza, in riunione, quando si canta nel coro. Le conseguenze di questo superlavoro possono essere raucedine, stimolo della tosse e il bisogno di schiarirsi costantemente la gola. Insegnanti, cantanti, commessi, attori o moderatori \u2013 per molte persone la voce costituisce un importante strumento di lavoro. Proprio &hellip; <\/p>\n<p class=\"link-more\"><a href=\"https:\/\/gelorevoice.ch\/it\/abbassamento-della-voce\/\" class=\"more-link\">Continue reading<span class=\"screen-reader-text\"> &#8220;abbassamento della voce&#8221;<\/span><\/a><\/p>\n","protected":false},"author":1,"featured_media":0,"parent":0,"menu_order":0,"comment_status":"closed","ping_status":"closed","template":"","meta":[],"acf":[],"_links":{"self":[{"href":"https:\/\/gelorevoice.ch\/it\/wp-json\/wp\/v2\/pages\/83"}],"collection":[{"href":"https:\/\/gelorevoice.ch\/it\/wp-json\/wp\/v2\/pages"}],"about":[{"href":"https:\/\/gelorevoice.ch\/it\/wp-json\/wp\/v2\/types\/page"}],"author":[{"embeddable":true,"href":"https:\/\/gelorevoice.ch\/it\/wp-json\/wp\/v2\/users\/1"}],"replies":[{"embeddable":true,"href":"https:\/\/gelorevoice.ch\/it\/wp-json\/wp\/v2\/comments?post=83"}],"version-history":[{"count":1,"href":"https:\/\/gelorevoice.ch\/it\/wp-json\/wp\/v2\/pages\/83\/revisions"}],"predecessor-version":[{"id":84,"href":"https:\/\/gelorevoice.ch\/it\/wp-json\/wp\/v2\/pages\/83\/revisions\/84"}],"wp:attachment":[{"href":"https:\/\/gelorevoice.ch\/it\/wp-json\/wp\/v2\/media?parent=83"}],"curies":[{"name":"wp","href":"https:\/\/api.w.org\/{rel}","templated":true}]}}