{"id":85,"date":"2017-10-13T16:12:45","date_gmt":"2017-10-13T14:12:45","guid":{"rendered":"https:\/\/gelorevoice.ch\/?page_id=85"},"modified":"2024-01-16T09:47:34","modified_gmt":"2024-01-16T07:47:34","slug":"mal-di-gola","status":"publish","type":"page","link":"https:\/\/gelorevoice.ch\/it\/mal-di-gola\/","title":{"rendered":"Mal di gola"},"content":{"rendered":"<p>Il mal di gola pu\u00f2 essere una vera e propria seccatura. Spesso \u00e8 causato da irritazioni o infiammazioni della gola e della faringe. Le cause pi\u00f9 comuni del mal di gola sono la secchezza delle mucose dovuta a un forte stress vocale o a infezioni virali come il raffreddore o l&#8217;influenza. Ogni persona avverte i sintomi in modo leggermente diverso. Si pu\u00f2 avvertire una sensazione di secchezza, grattamento o bruciore alla gola. Il dolore pu\u00f2 essere avvertito in modo permanente o solo quando si parla o si deglutisce. In caso di mal di gola e disturbi della deglutizione gli esperti raccomandano l\u2019idratazione delle mucose della gola e, in presenza di forte dolore, l\u2019aggiunta di analgesici per alleviare i sintomi.<\/p>\n<p>La speciale compressa per la gola GeloRevoice contiene una sostanza naturale prodotta anche dal nostro organismo, che agisce da importante riserva di umidit\u00e0. GeloRevoice ha la capacit\u00e0 di legare a s\u00e9 grandi quantit\u00e0 di umidit\u00e0 e di formare un film di protezione stabile e duraturo sulle mucose della gola e della faringe. Inoltre GeloRevoice protegge il cavo orofaringeo dalle irritazioni. GeloRevoice agisce rapidamente, in modo sensibile e a lungo.<\/p>\n<p><strong>Le compresse GeloRevoice non contengono antibiotici, n\u00e9 antisettici.<\/strong><\/p>\n","protected":false},"excerpt":{"rendered":"<p>Il mal di gola pu\u00f2 essere una vera e propria seccatura. Spesso \u00e8 causato da irritazioni o infiammazioni della gola e della faringe. Le cause pi\u00f9 comuni del mal di gola sono la secchezza delle mucose dovuta a un forte stress vocale o a infezioni virali come il raffreddore o l&#8217;influenza. Ogni persona avverte i &hellip; <\/p>\n<p class=\"link-more\"><a href=\"https:\/\/gelorevoice.ch\/it\/mal-di-gola\/\" class=\"more-link\">Continue reading<span class=\"screen-reader-text\"> &#8220;Mal di gola&#8221;<\/span><\/a><\/p>\n","protected":false},"author":1,"featured_media":0,"parent":0,"menu_order":0,"comment_status":"closed","ping_status":"closed","template":"","meta":[],"acf":[],"_links":{"self":[{"href":"https:\/\/gelorevoice.ch\/it\/wp-json\/wp\/v2\/pages\/85"}],"collection":[{"href":"https:\/\/gelorevoice.ch\/it\/wp-json\/wp\/v2\/pages"}],"about":[{"href":"https:\/\/gelorevoice.ch\/it\/wp-json\/wp\/v2\/types\/page"}],"author":[{"embeddable":true,"href":"https:\/\/gelorevoice.ch\/it\/wp-json\/wp\/v2\/users\/1"}],"replies":[{"embeddable":true,"href":"https:\/\/gelorevoice.ch\/it\/wp-json\/wp\/v2\/comments?post=85"}],"version-history":[{"count":5,"href":"https:\/\/gelorevoice.ch\/it\/wp-json\/wp\/v2\/pages\/85\/revisions"}],"predecessor-version":[{"id":257,"href":"https:\/\/gelorevoice.ch\/it\/wp-json\/wp\/v2\/pages\/85\/revisions\/257"}],"wp:attachment":[{"href":"https:\/\/gelorevoice.ch\/it\/wp-json\/wp\/v2\/media?parent=85"}],"curies":[{"name":"wp","href":"https:\/\/api.w.org\/{rel}","templated":true}]}}